{"id":7001,"date":"2023-08-16T17:32:12","date_gmt":"2023-08-16T22:32:12","guid":{"rendered":"https:\/\/lifeseguridad.com\/?post_type=product&#038;p=7001"},"modified":"2024-01-15T12:17:21","modified_gmt":"2024-01-15T17:17:21","slug":"camara-ip-ptz-4mp-lente-4mm-ezviz","status":"publish","type":"product","link":"https:\/\/lifeseguridad.com\/?product=camara-ip-ptz-4mp-lente-4mm-ezviz","title":{"rendered":"CAMARA IP PTZ 4MP. LENTE 4MM EZVIZ"},"content":{"rendered":"<p style=\"font-weight: 400;\"><b><strong>Protecci\u00f3n de 360 grados n\u00edtida e inteligente<\/strong><\/b><\/p>\n<p style=\"font-weight: 400;\">Es hora de que actualice su c\u00e1mara de seguridad para que ofrezca una visi\u00f3n m\u00e1s n\u00edtida y act\u00fae de forma m\u00e1s inteligente. Esta nueva versi\u00f3n de la exitosa gama de c\u00e1maras interiores de EZVIZ cuenta con una impresionante calidad de v\u00eddeo en 2K+ y mejora la funci\u00f3n de detecci\u00f3n con IA integrada. Al ser una sencilla c\u00e1mara de f\u00e1cil conexi\u00f3n, la H6c 2K+ puede ser su c\u00e1mara de confianza para el hogar o el monitor para beb\u00e9s y mascotas de cualquier habitaci\u00f3n.<\/p>\n<ul style=\"font-weight: 400;\">\n<li>Resoluci\u00f3n de 2K+<\/li>\n<li>Vista panor\u00e1mica<\/li>\n<li>Visi\u00f3n nocturna por infrarrojos de hasta 10 m<\/li>\n<li>Detecci\u00f3n de movimiento de formas humanas<\/li>\n<li>Seguimiento autom\u00e1tico<\/li>\n<li>Comunicaci\u00f3n bidireccional<\/li>\n<li>Modo de reposo para la protecci\u00f3n privada<\/li>\n<li>Tecnolog\u00eda de v\u00eddeo H.265<\/li>\n<li>Compatible con tarjetas microSD (de hasta 256\u00a0GB) y el almacenamiento CloudPlay de EZVIZ<\/li>\n<\/ul>\n","protected":false},"excerpt":{"rendered":"<p>Cotizar ahora<\/p>\n","protected":false},"featured_media":7002,"comment_status":"open","ping_status":"closed","template":"","meta":{"inline_featured_image":false},"product_brand":[],"product_cat":[342],"product_tag":[],"class_list":{"0":"post-7001","1":"product","2":"type-product","3":"status-publish","4":"has-post-thumbnail","6":"product_cat-camaras-smart","8":"first","9":"instock","10":"taxable","11":"shipping-taxable","12":"product-type-simple"},"aioseo_notices":[],"_links":{"self":[{"href":"https:\/\/lifeseguridad.com\/index.php?rest_route=\/wp\/v2\/product\/7001","targetHints":{"allow":["GET"]}}],"collection":[{"href":"https:\/\/lifeseguridad.com\/index.php?rest_route=\/wp\/v2\/product"}],"about":[{"href":"https:\/\/lifeseguridad.com\/index.php?rest_route=\/wp\/v2\/types\/product"}],"replies":[{"embeddable":true,"href":"https:\/\/lifeseguridad.com\/index.php?rest_route=%2Fwp%2Fv2%2Fcomments&post=7001"}],"wp:featuredmedia":[{"embeddable":true,"href":"https:\/\/lifeseguridad.com\/index.php?rest_route=\/wp\/v2\/media\/7002"}],"wp:attachment":[{"href":"https:\/\/lifeseguridad.com\/index.php?rest_route=%2Fwp%2Fv2%2Fmedia&parent=7001"}],"wp:term":[{"taxonomy":"product_brand","embeddable":true,"href":"https:\/\/lifeseguridad.com\/index.php?rest_route=%2Fwp%2Fv2%2Fproduct_brand&post=7001"},{"taxonomy":"product_cat","embeddable":true,"href":"https:\/\/lifeseguridad.com\/index.php?rest_route=%2Fwp%2Fv2%2Fproduct_cat&post=7001"},{"taxonomy":"product_tag","embeddable":true,"href":"https:\/\/lifeseguridad.com\/index.php?rest_route=%2Fwp%2Fv2%2Fproduct_tag&post=7001"}],"curies":[{"name":"wp","href":"https:\/\/api.w.org\/{rel}","templated":true}]}}