{"id":7019,"date":"2023-08-16T17:46:51","date_gmt":"2023-08-16T22:46:51","guid":{"rendered":"https:\/\/lifeseguridad.com\/?post_type=product&#038;p=7019"},"modified":"2024-01-15T12:19:24","modified_gmt":"2024-01-15T17:19:24","slug":"cam-ip-pt-3mp-con-bateria-wifi-ezviz","status":"publish","type":"product","link":"https:\/\/lifeseguridad.com\/?product=cam-ip-pt-3mp-con-bateria-wifi-ezviz","title":{"rendered":"CAM IP PT 3MP CON BATERIA WIFI EZVIZ"},"content":{"rendered":"<p style=\"font-weight: 400;\"><b><strong>Sin punto ciego ni configuraci\u00f3n complicada<\/strong><\/b><\/p>\n<p style=\"font-weight: 400;\">La c\u00e1mara CB8 2K es realmente una c\u00e1mara dom\u00e9stica sencilla: 100\u00a0% sin cables, para llevarla a cualquier parte; motorizada, para obtener un campo de visi\u00f3n de 360 grados; y con la suficiente inteligencia para brindar protecci\u00f3n dom\u00e9stica automatizada. Por sus funciones, como la detecci\u00f3n de personas el seguimiento autom\u00e1tico y la visi\u00f3n nocturna en color, la CB8 2K ofrece el mismo rendimiento que las c\u00e1maras con cables, o incluso mejor. La c\u00e1mara no necesita, en absoluto, una instalaci\u00f3n compleja como una c\u00e1mara exterior. Al funcionar con el panel de energ\u00eda solar opcional, la c\u00e1mara CB8 2K no requiere supervisi\u00f3n.<\/p>\n<ul style=\"font-weight: 400;\">\n<li>Resoluci\u00f3n de 2K<\/li>\n<li>Cobertura panor\u00e1mica de 360\u00b0<\/li>\n<li>Hasta 210 d\u00edas de duraci\u00f3n de la bater\u00eda\u00b9 (10400 mAh)<\/li>\n<li>Detecci\u00f3n Inteligente de Movimiento de Personas<\/li>\n<li>Seguimiento Autom\u00e1tico<\/li>\n<li>Visi\u00f3n Nocturna a Color<\/li>\n<li>Defensa activa<\/li>\n<li>Dise\u00f1o resistente a la intemperie<\/li>\n<li>Comunicaci\u00f3n Bidireccional<\/li>\n<li>Alertas de Voz Personalizadas<\/li>\n<li>Soporta Tarjeta MicroSD\u00b2 (hasta 256\u00a0GB)<\/li>\n<li>Funciona con el panel solar EZVIZ para la carga de la bater\u00eda<\/li>\n<li><a href=\"https:\/\/support.ezvizlife.com\/faq\/520\">Integraci\u00f3n inteligente con Google Assistant y Amazon Alexa<\/a><\/li>\n<\/ul>\n","protected":false},"excerpt":{"rendered":"<p>Cotizar ahora<\/p>\n","protected":false},"featured_media":7020,"comment_status":"open","ping_status":"closed","template":"","meta":{"inline_featured_image":false},"product_brand":[],"product_cat":[342],"product_tag":[],"class_list":{"0":"post-7019","1":"product","2":"type-product","3":"status-publish","4":"has-post-thumbnail","6":"product_cat-camaras-smart","8":"first","9":"instock","10":"taxable","11":"shipping-taxable","12":"product-type-simple"},"aioseo_notices":[],"_links":{"self":[{"href":"https:\/\/lifeseguridad.com\/index.php?rest_route=\/wp\/v2\/product\/7019","targetHints":{"allow":["GET"]}}],"collection":[{"href":"https:\/\/lifeseguridad.com\/index.php?rest_route=\/wp\/v2\/product"}],"about":[{"href":"https:\/\/lifeseguridad.com\/index.php?rest_route=\/wp\/v2\/types\/product"}],"replies":[{"embeddable":true,"href":"https:\/\/lifeseguridad.com\/index.php?rest_route=%2Fwp%2Fv2%2Fcomments&post=7019"}],"wp:featuredmedia":[{"embeddable":true,"href":"https:\/\/lifeseguridad.com\/index.php?rest_route=\/wp\/v2\/media\/7020"}],"wp:attachment":[{"href":"https:\/\/lifeseguridad.com\/index.php?rest_route=%2Fwp%2Fv2%2Fmedia&parent=7019"}],"wp:term":[{"taxonomy":"product_brand","embeddable":true,"href":"https:\/\/lifeseguridad.com\/index.php?rest_route=%2Fwp%2Fv2%2Fproduct_brand&post=7019"},{"taxonomy":"product_cat","embeddable":true,"href":"https:\/\/lifeseguridad.com\/index.php?rest_route=%2Fwp%2Fv2%2Fproduct_cat&post=7019"},{"taxonomy":"product_tag","embeddable":true,"href":"https:\/\/lifeseguridad.com\/index.php?rest_route=%2Fwp%2Fv2%2Fproduct_tag&post=7019"}],"curies":[{"name":"wp","href":"https:\/\/api.w.org\/{rel}","templated":true}]}}