{"id":7040,"date":"2023-08-17T12:07:49","date_gmt":"2023-08-17T17:07:49","guid":{"rendered":"https:\/\/lifeseguridad.com\/?post_type=product&#038;p=7040"},"modified":"2024-01-15T12:19:25","modified_gmt":"2024-01-15T17:19:25","slug":"babycam-ip-con-bateria-wifi-2-4-interior-celeste-ezviz","status":"publish","type":"product","link":"https:\/\/lifeseguridad.com\/?product=babycam-ip-con-bateria-wifi-2-4-interior-celeste-ezviz","title":{"rendered":"BABYCAM IP CON BATERIA WIFI 2.4 INTERIOR &#8211; CELESTE EZVIZ"},"content":{"rendered":"<p style=\"font-weight: 400;\"><b>Monitor vigilabeb\u00e9s con bater\u00eda<\/b><\/p>\n<p style=\"font-weight: 400;\">No importa d\u00f3nde est\u00e9, siempre puede estar al tanto de su peque\u00f1o gracias al primer monitor vigilabeb\u00e9s de EZVIZ. La \u00faltima innovaci\u00f3n de EZVIZ trasforma sus avanzadas c\u00e1maras y su tecnolog\u00eda con inteligencia artificial en un asistente visualmente agradable, f\u00e1cil de usar y seguro para su beb\u00e9 que simplifica las tareas diarias de la paternidad. Reciba notificaciones de forma inmediata cuando su beb\u00e9 le necesite u ocurra algo importante. Deje que EZVIZ le ayude a cuidar de su peque\u00f1o tesoro en cualquier momento, de d\u00eda o de noche.<\/p>\n<ul style=\"font-weight: 400;\">\n<li>Detecci\u00f3n de llantos<\/li>\n<li>Avisos si sale de la cuna<\/li>\n<li>Detecci\u00f3n de la actividad del beb\u00e9 (con un algoritmo de formas humanas)<\/li>\n<li>Reproducci\u00f3n autom\u00e1tica de m\u00fasica relajante<\/li>\n<li>Bater\u00eda que dura todo la noche\u00b9 (2000 mAh)<\/li>\n<li>Visi\u00f3n nocturna n\u00edtida sin luz roja visible<\/li>\n<li>Visualizaci\u00f3n desde donde quiera con 1080p\u00a0FHD<\/li>\n<li>Se puede escuchar y hablar<\/li>\n<li>Instalaci\u00f3n sencilla<\/li>\n<li><a href=\"https:\/\/support.ezvizlife.com\/faq\/520\" data-original-title=\"\" aria-describedby=\"tooltip916762\">Integraci\u00f3n inteligente con el Asistente de Google y Amazon Alexa<\/a><\/li>\n<li>Compatible con tarjetas microSD (hasta 256\u00a0GB) y EZVIZ Cloud Storage<\/li>\n<li>Protecci\u00f3n estricta de los datos y la privacidad<\/li>\n<\/ul>\n","protected":false},"excerpt":{"rendered":"<p>Cotizar ahora<\/p>\n","protected":false},"featured_media":7041,"comment_status":"open","ping_status":"closed","template":"","meta":{"inline_featured_image":false},"product_brand":[],"product_cat":[342],"product_tag":[],"class_list":{"0":"post-7040","1":"product","2":"type-product","3":"status-publish","4":"has-post-thumbnail","6":"product_cat-camaras-smart","8":"first","9":"instock","10":"taxable","11":"shipping-taxable","12":"product-type-simple"},"aioseo_notices":[],"_links":{"self":[{"href":"https:\/\/lifeseguridad.com\/index.php?rest_route=\/wp\/v2\/product\/7040","targetHints":{"allow":["GET"]}}],"collection":[{"href":"https:\/\/lifeseguridad.com\/index.php?rest_route=\/wp\/v2\/product"}],"about":[{"href":"https:\/\/lifeseguridad.com\/index.php?rest_route=\/wp\/v2\/types\/product"}],"replies":[{"embeddable":true,"href":"https:\/\/lifeseguridad.com\/index.php?rest_route=%2Fwp%2Fv2%2Fcomments&post=7040"}],"wp:featuredmedia":[{"embeddable":true,"href":"https:\/\/lifeseguridad.com\/index.php?rest_route=\/wp\/v2\/media\/7041"}],"wp:attachment":[{"href":"https:\/\/lifeseguridad.com\/index.php?rest_route=%2Fwp%2Fv2%2Fmedia&parent=7040"}],"wp:term":[{"taxonomy":"product_brand","embeddable":true,"href":"https:\/\/lifeseguridad.com\/index.php?rest_route=%2Fwp%2Fv2%2Fproduct_brand&post=7040"},{"taxonomy":"product_cat","embeddable":true,"href":"https:\/\/lifeseguridad.com\/index.php?rest_route=%2Fwp%2Fv2%2Fproduct_cat&post=7040"},{"taxonomy":"product_tag","embeddable":true,"href":"https:\/\/lifeseguridad.com\/index.php?rest_route=%2Fwp%2Fv2%2Fproduct_tag&post=7040"}],"curies":[{"name":"wp","href":"https:\/\/api.w.org\/{rel}","templated":true}]}}