{"id":7084,"date":"2023-08-18T11:49:07","date_gmt":"2023-08-18T16:49:07","guid":{"rendered":"https:\/\/lifeseguridad.com\/?post_type=product&#038;p=7084"},"modified":"2024-01-15T12:19:29","modified_gmt":"2024-01-15T17:19:29","slug":"montaje-empotrado-para-tres-modulos-de-videoportero","status":"publish","type":"product","link":"https:\/\/lifeseguridad.com\/?product=montaje-empotrado-para-tres-modulos-de-videoportero","title":{"rendered":"MONTAJE EMPOTRADO PARA TRES MODULOS DE VIDEOPORTERO"},"content":{"rendered":"<ul style=\"font-weight: 400;\">\n<li>Montaje empotrable para m\u00f3dulos de videoportero de 3 cuerpos<\/li>\n<li>Contiene caja de distribuci\u00f3n, cubierta, tornillos, l\u00edneas de conexi\u00f3n, etc.<\/li>\n<\/ul>\n","protected":false},"excerpt":{"rendered":"<p>Cotizar ahora<\/p>\n","protected":false},"featured_media":7085,"comment_status":"open","ping_status":"closed","template":"","meta":{"inline_featured_image":false},"product_brand":[],"product_cat":[251],"product_tag":[],"class_list":{"0":"post-7084","1":"product","2":"type-product","3":"status-publish","4":"has-post-thumbnail","6":"product_cat-video-portero","8":"first","9":"instock","10":"taxable","11":"shipping-taxable","12":"product-type-simple"},"aioseo_notices":[],"_links":{"self":[{"href":"https:\/\/lifeseguridad.com\/index.php?rest_route=\/wp\/v2\/product\/7084","targetHints":{"allow":["GET"]}}],"collection":[{"href":"https:\/\/lifeseguridad.com\/index.php?rest_route=\/wp\/v2\/product"}],"about":[{"href":"https:\/\/lifeseguridad.com\/index.php?rest_route=\/wp\/v2\/types\/product"}],"replies":[{"embeddable":true,"href":"https:\/\/lifeseguridad.com\/index.php?rest_route=%2Fwp%2Fv2%2Fcomments&post=7084"}],"wp:featuredmedia":[{"embeddable":true,"href":"https:\/\/lifeseguridad.com\/index.php?rest_route=\/wp\/v2\/media\/7085"}],"wp:attachment":[{"href":"https:\/\/lifeseguridad.com\/index.php?rest_route=%2Fwp%2Fv2%2Fmedia&parent=7084"}],"wp:term":[{"taxonomy":"product_brand","embeddable":true,"href":"https:\/\/lifeseguridad.com\/index.php?rest_route=%2Fwp%2Fv2%2Fproduct_brand&post=7084"},{"taxonomy":"product_cat","embeddable":true,"href":"https:\/\/lifeseguridad.com\/index.php?rest_route=%2Fwp%2Fv2%2Fproduct_cat&post=7084"},{"taxonomy":"product_tag","embeddable":true,"href":"https:\/\/lifeseguridad.com\/index.php?rest_route=%2Fwp%2Fv2%2Fproduct_tag&post=7084"}],"curies":[{"name":"wp","href":"https:\/\/api.w.org\/{rel}","templated":true}]}}