{"id":7110,"date":"2023-08-24T14:16:22","date_gmt":"2023-08-24T19:16:22","guid":{"rendered":"https:\/\/lifeseguridad.com\/?post_type=product&#038;p=7110"},"modified":"2024-01-15T12:19:30","modified_gmt":"2024-01-15T17:19:30","slug":"microsd-128gb-para-video-vigilancia-purple","status":"publish","type":"product","link":"https:\/\/lifeseguridad.com\/?product=microsd-128gb-para-video-vigilancia-purple","title":{"rendered":"MICROSD 128GB PARA VIDEO VIGILANCIA &#8211; PURPLE"},"content":{"rendered":"<ul style=\"font-weight: 400;\">\n<li>Optimizada para c\u00e1maras de video vigilancia que operan las 24 horas, los 7 d\u00edas de la semana.<\/li>\n<li>Dise\u00f1ada con ultra resistencia para un funcionamiento continuo.<\/li>\n<li>Impermeable, resistente a la humedad y soporta temperaturas entre -25 \u00b0C y 85 \u00b0C Almacenamiento local de conmutaci\u00f3n por error, grabaci\u00f3n continua, incluso en caso de desconexi\u00f3n temporal de la c\u00e1mara.<\/li>\n<li>Admite funcionalidades de supervisi\u00f3n del estado de la tarjeta.<\/li>\n<li>Tecnolog\u00eda 3D NAND avanzada de 96 capas.<\/li>\n<\/ul>\n","protected":false},"excerpt":{"rendered":"<p>Cotizar ahora<\/p>\n","protected":false},"featured_media":7111,"comment_status":"open","ping_status":"closed","template":"","meta":{"inline_featured_image":false},"product_brand":[],"product_cat":[341],"product_tag":[],"class_list":{"0":"post-7110","1":"product","2":"type-product","3":"status-publish","4":"has-post-thumbnail","6":"product_cat-tarjetas-micro-sd","8":"first","9":"instock","10":"taxable","11":"shipping-taxable","12":"product-type-simple"},"aioseo_notices":[],"_links":{"self":[{"href":"https:\/\/lifeseguridad.com\/index.php?rest_route=\/wp\/v2\/product\/7110","targetHints":{"allow":["GET"]}}],"collection":[{"href":"https:\/\/lifeseguridad.com\/index.php?rest_route=\/wp\/v2\/product"}],"about":[{"href":"https:\/\/lifeseguridad.com\/index.php?rest_route=\/wp\/v2\/types\/product"}],"replies":[{"embeddable":true,"href":"https:\/\/lifeseguridad.com\/index.php?rest_route=%2Fwp%2Fv2%2Fcomments&post=7110"}],"wp:featuredmedia":[{"embeddable":true,"href":"https:\/\/lifeseguridad.com\/index.php?rest_route=\/wp\/v2\/media\/7111"}],"wp:attachment":[{"href":"https:\/\/lifeseguridad.com\/index.php?rest_route=%2Fwp%2Fv2%2Fmedia&parent=7110"}],"wp:term":[{"taxonomy":"product_brand","embeddable":true,"href":"https:\/\/lifeseguridad.com\/index.php?rest_route=%2Fwp%2Fv2%2Fproduct_brand&post=7110"},{"taxonomy":"product_cat","embeddable":true,"href":"https:\/\/lifeseguridad.com\/index.php?rest_route=%2Fwp%2Fv2%2Fproduct_cat&post=7110"},{"taxonomy":"product_tag","embeddable":true,"href":"https:\/\/lifeseguridad.com\/index.php?rest_route=%2Fwp%2Fv2%2Fproduct_tag&post=7110"}],"curies":[{"name":"wp","href":"https:\/\/api.w.org\/{rel}","templated":true}]}}