{"id":7158,"date":"2023-08-28T15:38:31","date_gmt":"2023-08-28T20:38:31","guid":{"rendered":"https:\/\/lifeseguridad.com\/?post_type=product&#038;p=7158"},"modified":"2024-01-15T12:19:34","modified_gmt":"2024-01-15T17:19:34","slug":"monitor-dvr-incluye-camara-frontal-incluye-camara-trasera","status":"publish","type":"product","link":"https:\/\/lifeseguridad.com\/?product=monitor-dvr-incluye-camara-frontal-incluye-camara-trasera","title":{"rendered":"MONITOR DVR \/ INCLUYE CAMARA FRONTAL \/ INCLUYE CAMARA TRASERA"},"content":{"rendered":"<p>DVR vehicular con monitor, c\u00e1mara frontal y trasera 720p<\/p>\n<p>frontal de 90 grados<\/p>\n<p>Tarjeta micro SD que soporta hasta 32GB (3-4horas grabado)<\/p>\n<p>grabaci\u00f3n en bucle, graba c\u00edclicamente sobre lo previo facilitando de esta forma su reciclaje de memoria<\/p>\n<p>El Monitor de 2.4 pulgadas posibilita revisar la grabaci\u00f3n y visualizar la proyecci\u00f3n de la c\u00e1mara<\/p>\n<p>Detecci\u00f3n de movimiento las 24 horas para filmar robos<\/p>\n<p>Posee sensor G, funci\u00f3n que inicia la grabaci\u00f3n autom\u00e1tica en caso de choque<\/p>\n<p>m\u00faltiples lenguajes a elecci\u00f3n (incluyendo espa\u00f1ol)<\/p>\n<p>5V 1A<\/p>\n<p>Peso 180 gramos<\/p>\n<p>45*50*15mm<\/p>\n<p>incluye cargador, bater\u00eda y soporte<\/p>\n<p>El producto es cumple para evidenciar responsabilidades en choques, cumplir con lo requisitos para seguro vehicular, delatar los responsables de hurtos<\/p>\n","protected":false},"excerpt":{"rendered":"<p>Cotizar ahora<\/p>\n","protected":false},"featured_media":7159,"comment_status":"open","ping_status":"closed","template":"","meta":{"inline_featured_image":false},"product_brand":[],"product_cat":[343],"product_tag":[],"class_list":{"0":"post-7158","1":"product","2":"type-product","3":"status-publish","4":"has-post-thumbnail","6":"product_cat-cctv-vehicular","8":"first","9":"instock","10":"taxable","11":"shipping-taxable","12":"product-type-simple"},"aioseo_notices":[],"_links":{"self":[{"href":"https:\/\/lifeseguridad.com\/index.php?rest_route=\/wp\/v2\/product\/7158","targetHints":{"allow":["GET"]}}],"collection":[{"href":"https:\/\/lifeseguridad.com\/index.php?rest_route=\/wp\/v2\/product"}],"about":[{"href":"https:\/\/lifeseguridad.com\/index.php?rest_route=\/wp\/v2\/types\/product"}],"replies":[{"embeddable":true,"href":"https:\/\/lifeseguridad.com\/index.php?rest_route=%2Fwp%2Fv2%2Fcomments&post=7158"}],"wp:featuredmedia":[{"embeddable":true,"href":"https:\/\/lifeseguridad.com\/index.php?rest_route=\/wp\/v2\/media\/7159"}],"wp:attachment":[{"href":"https:\/\/lifeseguridad.com\/index.php?rest_route=%2Fwp%2Fv2%2Fmedia&parent=7158"}],"wp:term":[{"taxonomy":"product_brand","embeddable":true,"href":"https:\/\/lifeseguridad.com\/index.php?rest_route=%2Fwp%2Fv2%2Fproduct_brand&post=7158"},{"taxonomy":"product_cat","embeddable":true,"href":"https:\/\/lifeseguridad.com\/index.php?rest_route=%2Fwp%2Fv2%2Fproduct_cat&post=7158"},{"taxonomy":"product_tag","embeddable":true,"href":"https:\/\/lifeseguridad.com\/index.php?rest_route=%2Fwp%2Fv2%2Fproduct_tag&post=7158"}],"curies":[{"name":"wp","href":"https:\/\/api.w.org\/{rel}","templated":true}]}}