{"id":7160,"date":"2023-08-28T15:40:30","date_gmt":"2023-08-28T20:40:30","guid":{"rendered":"https:\/\/lifeseguridad.com\/?post_type=product&#038;p=7160"},"modified":"2024-01-15T12:19:35","modified_gmt":"2024-01-15T17:19:35","slug":"monitor-dvr-triple-grabacion-frontal-trasera-e-interna","status":"publish","type":"product","link":"https:\/\/lifeseguridad.com\/?product=monitor-dvr-triple-grabacion-frontal-trasera-e-interna","title":{"rendered":"MONITOR DVR \/ TRIPLE GRABACION: FRONTAL, TRASERA E INTERNA"},"content":{"rendered":"<p>DVR vehicular con monitor 4 pulgadas y triple grabaci\u00f3n trasera, frontal e interna con c\u00e1mara HD 720p<\/p>\n<p>C\u00e1mara frontal 1080p, c\u00e1mara interna 480p, c\u00e1mara retroceso (se vende por separado)<\/p>\n<p>C\u00e1mara frontal de 170 grados<\/p>\n<p>Tarjeta micro SD que soporta hasta 32GB (3-4horas grabado)<\/p>\n<p>grabaci\u00f3n en bucle, graba c\u00edclicamente sobre lo previo facilitando de esta forma su reciclaje de memoria<\/p>\n<p>El Monitor de 4 pulgadas posibilita revisar la grabaci\u00f3n y visualizar la proyecci\u00f3n de las 3 c\u00e1maras<\/p>\n<p>Detecci\u00f3n de movimiento las 24 horas para filmar robos<\/p>\n<p>Posee sensor G, funci\u00f3n que inicia la grabaci\u00f3n autom\u00e1tica en caso de choque<\/p>\n<p>m\u00faltiples lenguajes a elecci\u00f3n (incluyendo espa\u00f1ol)<\/p>\n<p>5V 1.5A (cigarrera)<\/p>\n<p>Peso 185 gramos<\/p>\n<p>45*50*15mm<\/p>\n<p>El producto es cumple para evidenciar responsabilidades en choques, cumplir con lo requisitos para seguro vehicular, delatar los responsables de hurtos. Es \u00fatil en servicios como taxis donde hay una necesidad de registrar el comportamiento del pasajero y conductor.<\/p>\n","protected":false},"excerpt":{"rendered":"<p>Cotizar ahora<\/p>\n","protected":false},"featured_media":7161,"comment_status":"open","ping_status":"closed","template":"","meta":{"inline_featured_image":false},"product_brand":[],"product_cat":[343],"product_tag":[],"class_list":{"0":"post-7160","1":"product","2":"type-product","3":"status-publish","4":"has-post-thumbnail","6":"product_cat-cctv-vehicular","8":"first","9":"instock","10":"taxable","11":"shipping-taxable","12":"product-type-simple"},"aioseo_notices":[],"_links":{"self":[{"href":"https:\/\/lifeseguridad.com\/index.php?rest_route=\/wp\/v2\/product\/7160","targetHints":{"allow":["GET"]}}],"collection":[{"href":"https:\/\/lifeseguridad.com\/index.php?rest_route=\/wp\/v2\/product"}],"about":[{"href":"https:\/\/lifeseguridad.com\/index.php?rest_route=\/wp\/v2\/types\/product"}],"replies":[{"embeddable":true,"href":"https:\/\/lifeseguridad.com\/index.php?rest_route=%2Fwp%2Fv2%2Fcomments&post=7160"}],"wp:featuredmedia":[{"embeddable":true,"href":"https:\/\/lifeseguridad.com\/index.php?rest_route=\/wp\/v2\/media\/7161"}],"wp:attachment":[{"href":"https:\/\/lifeseguridad.com\/index.php?rest_route=%2Fwp%2Fv2%2Fmedia&parent=7160"}],"wp:term":[{"taxonomy":"product_brand","embeddable":true,"href":"https:\/\/lifeseguridad.com\/index.php?rest_route=%2Fwp%2Fv2%2Fproduct_brand&post=7160"},{"taxonomy":"product_cat","embeddable":true,"href":"https:\/\/lifeseguridad.com\/index.php?rest_route=%2Fwp%2Fv2%2Fproduct_cat&post=7160"},{"taxonomy":"product_tag","embeddable":true,"href":"https:\/\/lifeseguridad.com\/index.php?rest_route=%2Fwp%2Fv2%2Fproduct_tag&post=7160"}],"curies":[{"name":"wp","href":"https:\/\/api.w.org\/{rel}","templated":true}]}}