{"id":7249,"date":"2023-08-28T16:49:01","date_gmt":"2023-08-28T21:49:01","guid":{"rendered":"https:\/\/lifeseguridad.com\/?post_type=product&#038;p=7249"},"modified":"2024-01-15T12:19:37","modified_gmt":"2024-01-15T17:19:37","slug":"camara-inalambrica-escondida-boton-wifi-4k","status":"publish","type":"product","link":"https:\/\/lifeseguridad.com\/?product=camara-inalambrica-escondida-boton-wifi-4k","title":{"rendered":"CAMARA INALAMBRICA ESCONDIDA BOTON WIFI \/ 4K"},"content":{"rendered":"<p>Mini c\u00e1mara esp\u00eda de vigilancia remota inal\u00e1mbrica PHB01-20-W es una c\u00e1mara esp\u00eda activada por movimiento que le permite realizar monitoreo y control remoto en vivo en dispositivos m\u00f3viles Android o IOS a trav\u00e9s de la APLICACI\u00d3N.<\/p>\n<ul>\n<li>Posee c\u00e1mara 1080p<\/li>\n<li>Facil de camuflar<\/li>\n<li>Soporta memoria SD de hasta 128G<\/li>\n<li>Larga vida de funcionamiento bater\u00eda recargable de 800mAh<\/li>\n<li>Gran alcance de detecci\u00f3n de movimiento hasta 6 m<\/li>\n<\/ul>\n<p>Requiere conexi\u00f3n a WIFI 2.4ghz( no obligatorio)<\/p>\n<p>Para visualizar en tiempo real con su smartphone requiere APP\u00a0<span style=\"font-family: HelveticaNeueW01-65Medi, HelveticaNeueW02-65Medi, HelveticaNeueW10-65Medi, sans-serif;\"><b>\u00a0look cam<\/b><\/span><\/p>\n","protected":false},"excerpt":{"rendered":"<p>Cotizar ahora<\/p>\n","protected":false},"featured_media":7250,"comment_status":"open","ping_status":"closed","template":"","meta":{"inline_featured_image":false},"product_brand":[],"product_cat":[344],"product_tag":[],"class_list":{"0":"post-7249","1":"product","2":"type-product","3":"status-publish","4":"has-post-thumbnail","6":"product_cat-camaras-espia","8":"first","9":"instock","10":"taxable","11":"shipping-taxable","12":"product-type-simple"},"aioseo_notices":[],"_links":{"self":[{"href":"https:\/\/lifeseguridad.com\/index.php?rest_route=\/wp\/v2\/product\/7249","targetHints":{"allow":["GET"]}}],"collection":[{"href":"https:\/\/lifeseguridad.com\/index.php?rest_route=\/wp\/v2\/product"}],"about":[{"href":"https:\/\/lifeseguridad.com\/index.php?rest_route=\/wp\/v2\/types\/product"}],"replies":[{"embeddable":true,"href":"https:\/\/lifeseguridad.com\/index.php?rest_route=%2Fwp%2Fv2%2Fcomments&post=7249"}],"wp:featuredmedia":[{"embeddable":true,"href":"https:\/\/lifeseguridad.com\/index.php?rest_route=\/wp\/v2\/media\/7250"}],"wp:attachment":[{"href":"https:\/\/lifeseguridad.com\/index.php?rest_route=%2Fwp%2Fv2%2Fmedia&parent=7249"}],"wp:term":[{"taxonomy":"product_brand","embeddable":true,"href":"https:\/\/lifeseguridad.com\/index.php?rest_route=%2Fwp%2Fv2%2Fproduct_brand&post=7249"},{"taxonomy":"product_cat","embeddable":true,"href":"https:\/\/lifeseguridad.com\/index.php?rest_route=%2Fwp%2Fv2%2Fproduct_cat&post=7249"},{"taxonomy":"product_tag","embeddable":true,"href":"https:\/\/lifeseguridad.com\/index.php?rest_route=%2Fwp%2Fv2%2Fproduct_tag&post=7249"}],"curies":[{"name":"wp","href":"https:\/\/api.w.org\/{rel}","templated":true}]}}