{"id":7295,"date":"2023-09-01T15:13:08","date_gmt":"2023-09-01T20:13:08","guid":{"rendered":"https:\/\/lifeseguridad.com\/?post_type=product&#038;p=7295"},"modified":"2024-01-15T12:19:40","modified_gmt":"2024-01-15T17:19:40","slug":"control-de-acceso-facial-y-huella","status":"publish","type":"product","link":"https:\/\/lifeseguridad.com\/?product=control-de-acceso-facial-y-huella","title":{"rendered":"CONTROL DE ACCESO FACIAL Y HUELLA"},"content":{"rendered":"<ul>\n<li>\n<p class=\"lead\">Reconocimiento facial de luz visible.<\/p>\n<\/li>\n<li>\n<p class=\"lead\">Algoritmo anti-spoofing contra ataque de impresi\u00f3n (fotos l\u00e1ser, color y B \/ N), ataque de videos y ataque de m\u00e1scara 3D.<\/p>\n<\/li>\n<li>\n<p class=\"lead\">M\u00faltiples m\u00e9todos de verificaci\u00f3n: Rostro \/ Huella digital \/ Contrase\u00f1a.<\/p>\n<\/li>\n<li>\n<p class=\"lead\">Red TCP \/ IP y host USB.<\/p>\n<\/li>\n<li>\n<p class=\"lead\">Est\u00e1ndar con software SSR Excel integrado.<\/p>\n<\/li>\n<li>\n<p class=\"lead\">Control de acceso simple.<\/p>\n<\/li>\n<\/ul>\n","protected":false},"excerpt":{"rendered":"<p>Cotizar ahora<\/p>\n","protected":false},"featured_media":7296,"comment_status":"open","ping_status":"closed","template":"","meta":{"inline_featured_image":false},"product_brand":[],"product_cat":[234],"product_tag":[],"class_list":{"0":"post-7295","1":"product","2":"type-product","3":"status-publish","4":"has-post-thumbnail","6":"product_cat-control-de-asistencia","8":"first","9":"instock","10":"taxable","11":"shipping-taxable","12":"product-type-simple"},"aioseo_notices":[],"_links":{"self":[{"href":"https:\/\/lifeseguridad.com\/index.php?rest_route=\/wp\/v2\/product\/7295","targetHints":{"allow":["GET"]}}],"collection":[{"href":"https:\/\/lifeseguridad.com\/index.php?rest_route=\/wp\/v2\/product"}],"about":[{"href":"https:\/\/lifeseguridad.com\/index.php?rest_route=\/wp\/v2\/types\/product"}],"replies":[{"embeddable":true,"href":"https:\/\/lifeseguridad.com\/index.php?rest_route=%2Fwp%2Fv2%2Fcomments&post=7295"}],"wp:featuredmedia":[{"embeddable":true,"href":"https:\/\/lifeseguridad.com\/index.php?rest_route=\/wp\/v2\/media\/7296"}],"wp:attachment":[{"href":"https:\/\/lifeseguridad.com\/index.php?rest_route=%2Fwp%2Fv2%2Fmedia&parent=7295"}],"wp:term":[{"taxonomy":"product_brand","embeddable":true,"href":"https:\/\/lifeseguridad.com\/index.php?rest_route=%2Fwp%2Fv2%2Fproduct_brand&post=7295"},{"taxonomy":"product_cat","embeddable":true,"href":"https:\/\/lifeseguridad.com\/index.php?rest_route=%2Fwp%2Fv2%2Fproduct_cat&post=7295"},{"taxonomy":"product_tag","embeddable":true,"href":"https:\/\/lifeseguridad.com\/index.php?rest_route=%2Fwp%2Fv2%2Fproduct_tag&post=7295"}],"curies":[{"name":"wp","href":"https:\/\/api.w.org\/{rel}","templated":true}]}}