{"id":7301,"date":"2023-09-01T15:23:33","date_gmt":"2023-09-01T20:23:33","guid":{"rendered":"https:\/\/lifeseguridad.com\/?post_type=product&#038;p=7301"},"modified":"2024-01-15T12:19:40","modified_gmt":"2024-01-15T17:19:40","slug":"control-de-acceso-y-asistencia-biometrica","status":"publish","type":"product","link":"https:\/\/lifeseguridad.com\/?product=control-de-acceso-y-asistencia-biometrica","title":{"rendered":"CONTROL DE ACCESO Y ASISTENCIA BIOMETRICA"},"content":{"rendered":"<ul style=\"font-weight: 400;\">\n<li>Reconocimiento facial con luz visible<\/li>\n<li>Algoritmo anti-spoofing contra ataque de impresi\u00f3n (l\u00e1ser, fotos en color y B \/ N), ataque de videos y ataque de m\u00e1scara 3D<\/li>\n<li>M\u00faltiples m\u00e9todos de verificaci\u00f3n: Rostro \/ Palm \/ Tarjeta \/ Contrase\u00f1a<\/li>\n<li>M\u00f3dulos de tarjeta disponibles: ID de 125kHz tarjeta (EM) \/ tarjeta IC de 13,56 MHz (MF)<\/li>\n<li>Luz suplementaria con brillo ajustable<\/li>\n<li>Capacidad para 800 plantillas de caras, 800 plantillas de palma<\/li>\n<\/ul>\n","protected":false},"excerpt":{"rendered":"<p>Cotizar ahora<\/p>\n","protected":false},"featured_media":7302,"comment_status":"open","ping_status":"closed","template":"","meta":{"inline_featured_image":false},"product_brand":[],"product_cat":[234],"product_tag":[],"class_list":{"0":"post-7301","1":"product","2":"type-product","3":"status-publish","4":"has-post-thumbnail","6":"product_cat-control-de-asistencia","8":"first","9":"instock","10":"taxable","11":"shipping-taxable","12":"product-type-simple"},"aioseo_notices":[],"_links":{"self":[{"href":"https:\/\/lifeseguridad.com\/index.php?rest_route=\/wp\/v2\/product\/7301","targetHints":{"allow":["GET"]}}],"collection":[{"href":"https:\/\/lifeseguridad.com\/index.php?rest_route=\/wp\/v2\/product"}],"about":[{"href":"https:\/\/lifeseguridad.com\/index.php?rest_route=\/wp\/v2\/types\/product"}],"replies":[{"embeddable":true,"href":"https:\/\/lifeseguridad.com\/index.php?rest_route=%2Fwp%2Fv2%2Fcomments&post=7301"}],"wp:featuredmedia":[{"embeddable":true,"href":"https:\/\/lifeseguridad.com\/index.php?rest_route=\/wp\/v2\/media\/7302"}],"wp:attachment":[{"href":"https:\/\/lifeseguridad.com\/index.php?rest_route=%2Fwp%2Fv2%2Fmedia&parent=7301"}],"wp:term":[{"taxonomy":"product_brand","embeddable":true,"href":"https:\/\/lifeseguridad.com\/index.php?rest_route=%2Fwp%2Fv2%2Fproduct_brand&post=7301"},{"taxonomy":"product_cat","embeddable":true,"href":"https:\/\/lifeseguridad.com\/index.php?rest_route=%2Fwp%2Fv2%2Fproduct_cat&post=7301"},{"taxonomy":"product_tag","embeddable":true,"href":"https:\/\/lifeseguridad.com\/index.php?rest_route=%2Fwp%2Fv2%2Fproduct_tag&post=7301"}],"curies":[{"name":"wp","href":"https:\/\/api.w.org\/{rel}","templated":true}]}}