{"id":7305,"date":"2023-09-01T15:31:28","date_gmt":"2023-09-01T20:31:28","guid":{"rendered":"https:\/\/lifeseguridad.com\/?post_type=product&#038;p=7305"},"modified":"2024-01-15T12:19:40","modified_gmt":"2024-01-15T17:19:40","slug":"control-de-acceso-y-asistencia-biometrica-facial","status":"publish","type":"product","link":"https:\/\/lifeseguridad.com\/?product=control-de-acceso-y-asistencia-biometrica-facial","title":{"rendered":"CONTROL DE ACCESO Y ASISTENCIA BIOMETRICO FACIAL"},"content":{"rendered":"<ul style=\"font-weight: 400;\">\n<li>SpeedFace-V5 es un terminal de control de acceso facial. Est\u00e1 equipado con el \u00faltimo algoritmo de reconocimiento facial de aprendizaje profundo que permite un reconocimiento m\u00e1s r\u00e1pido y preciso, brinda la mejor experiencia de uso, los usuarios solo pasan y se veri\ufb01can f\u00e1cilmente sin parar y esperando.<\/li>\n<li>Con el \u00faltimo algoritmo de cara, speedFace-V5 es compatible con 6,000 (m\u00e1ximo 10,000) usuarios faciales, tambi\u00e9n puede detectar si la cara es una cara real o una foto, lo que mejora el nivel de seguridad de la veri\ufb01caci\u00f3n.<\/li>\n<li>SpeedFace-V5 est\u00e1 dise\u00f1ado para su instalaci\u00f3n en la pared para aplicaciones de control de acceso y asistencia de tiempo, incluidos centros de conferencias, instituciones \ufb01nancieras, entradas a escuelas y otras \u00e1reas cr\u00edticas, etc.<\/li>\n<\/ul>\n","protected":false},"excerpt":{"rendered":"<p>Cotizar ahora<\/p>\n","protected":false},"featured_media":7306,"comment_status":"open","ping_status":"closed","template":"","meta":{"inline_featured_image":false},"product_brand":[],"product_cat":[234],"product_tag":[],"class_list":{"0":"post-7305","1":"product","2":"type-product","3":"status-publish","4":"has-post-thumbnail","6":"product_cat-control-de-asistencia","8":"first","9":"instock","10":"taxable","11":"shipping-taxable","12":"product-type-simple"},"aioseo_notices":[],"_links":{"self":[{"href":"https:\/\/lifeseguridad.com\/index.php?rest_route=\/wp\/v2\/product\/7305","targetHints":{"allow":["GET"]}}],"collection":[{"href":"https:\/\/lifeseguridad.com\/index.php?rest_route=\/wp\/v2\/product"}],"about":[{"href":"https:\/\/lifeseguridad.com\/index.php?rest_route=\/wp\/v2\/types\/product"}],"replies":[{"embeddable":true,"href":"https:\/\/lifeseguridad.com\/index.php?rest_route=%2Fwp%2Fv2%2Fcomments&post=7305"}],"wp:featuredmedia":[{"embeddable":true,"href":"https:\/\/lifeseguridad.com\/index.php?rest_route=\/wp\/v2\/media\/7306"}],"wp:attachment":[{"href":"https:\/\/lifeseguridad.com\/index.php?rest_route=%2Fwp%2Fv2%2Fmedia&parent=7305"}],"wp:term":[{"taxonomy":"product_brand","embeddable":true,"href":"https:\/\/lifeseguridad.com\/index.php?rest_route=%2Fwp%2Fv2%2Fproduct_brand&post=7305"},{"taxonomy":"product_cat","embeddable":true,"href":"https:\/\/lifeseguridad.com\/index.php?rest_route=%2Fwp%2Fv2%2Fproduct_cat&post=7305"},{"taxonomy":"product_tag","embeddable":true,"href":"https:\/\/lifeseguridad.com\/index.php?rest_route=%2Fwp%2Fv2%2Fproduct_tag&post=7305"}],"curies":[{"name":"wp","href":"https:\/\/api.w.org\/{rel}","templated":true}]}}