{"id":7360,"date":"2023-09-01T17:32:40","date_gmt":"2023-09-01T22:32:40","guid":{"rendered":"https:\/\/lifeseguridad.com\/?post_type=product&#038;p=7360"},"modified":"2024-01-15T12:21:32","modified_gmt":"2024-01-15T17:21:32","slug":"control-de-acceso-ip-vehicular-de-huellas-y-tarjetas-rfid","status":"publish","type":"product","link":"https:\/\/lifeseguridad.com\/?product=control-de-acceso-ip-vehicular-de-huellas-y-tarjetas-rfid","title":{"rendered":"CONTROL DE ACCESO IP VEHICULAR DE HUELLAS Y TARJETAS RFID"},"content":{"rendered":"<p>Control de Acceso IP Vehicular de Huellas yTarjetas RFID,cn Proteci\u00f3n IP65, Resistente y de Mayor Durabilidad.Cubierta M\u00e9talica Anti-Vandalismo para Instalaci\u00f3n en Exteriores.R\u00e1pido y Preciso<\/p>\n","protected":false},"excerpt":{"rendered":"<p>Cotizar ahora<\/p>\n","protected":false},"featured_media":7361,"comment_status":"open","ping_status":"closed","template":"","meta":{"inline_featured_image":false},"product_brand":[],"product_cat":[240],"product_tag":[],"class_list":{"0":"post-7360","1":"product","2":"type-product","3":"status-publish","4":"has-post-thumbnail","6":"product_cat-barrera-vehicular","8":"first","9":"instock","10":"taxable","11":"shipping-taxable","12":"product-type-simple"},"aioseo_notices":[],"_links":{"self":[{"href":"https:\/\/lifeseguridad.com\/index.php?rest_route=\/wp\/v2\/product\/7360","targetHints":{"allow":["GET"]}}],"collection":[{"href":"https:\/\/lifeseguridad.com\/index.php?rest_route=\/wp\/v2\/product"}],"about":[{"href":"https:\/\/lifeseguridad.com\/index.php?rest_route=\/wp\/v2\/types\/product"}],"replies":[{"embeddable":true,"href":"https:\/\/lifeseguridad.com\/index.php?rest_route=%2Fwp%2Fv2%2Fcomments&post=7360"}],"wp:featuredmedia":[{"embeddable":true,"href":"https:\/\/lifeseguridad.com\/index.php?rest_route=\/wp\/v2\/media\/7361"}],"wp:attachment":[{"href":"https:\/\/lifeseguridad.com\/index.php?rest_route=%2Fwp%2Fv2%2Fmedia&parent=7360"}],"wp:term":[{"taxonomy":"product_brand","embeddable":true,"href":"https:\/\/lifeseguridad.com\/index.php?rest_route=%2Fwp%2Fv2%2Fproduct_brand&post=7360"},{"taxonomy":"product_cat","embeddable":true,"href":"https:\/\/lifeseguridad.com\/index.php?rest_route=%2Fwp%2Fv2%2Fproduct_cat&post=7360"},{"taxonomy":"product_tag","embeddable":true,"href":"https:\/\/lifeseguridad.com\/index.php?rest_route=%2Fwp%2Fv2%2Fproduct_tag&post=7360"}],"curies":[{"name":"wp","href":"https:\/\/api.w.org\/{rel}","templated":true}]}}