{"id":7362,"date":"2023-09-01T17:35:02","date_gmt":"2023-09-01T22:35:02","guid":{"rendered":"https:\/\/lifeseguridad.com\/?post_type=product&#038;p=7362"},"modified":"2024-01-15T12:21:32","modified_gmt":"2024-01-15T17:21:32","slug":"barrera-vehicular-izquierda-brazo-3m","status":"publish","type":"product","link":"https:\/\/lifeseguridad.com\/?product=barrera-vehicular-izquierda-brazo-3m","title":{"rendered":"BARRERA VEHICULAR IZQUIERDA BRAZO 3M"},"content":{"rendered":"<p style=\"font-weight: 400;\">Las barreras vehiculares de la serie\u00a0BG1000, integran un gabinete de dise\u00f1o LED interactivo de ZKTeco, panel de control programable y un motor DC de alta eficiencia sin escobillas, y un sistema de transmisi\u00f3n por engranajes de acero SCM421. Tiene la ventaja de una velocidad r\u00e1pida, calidad estable y una variedad de funciones de expansi\u00f3n. Es una barrera vehicular con el mejor rendimiento integral.<\/p>\n<ul style=\"font-weight: 400;\">\n<li>La velocidad de operaci\u00f3n es 1.5s, y puede ser ajustada<\/li>\n<li>Direcci\u00f3n de brazo reversible, mecanismo de transmisi\u00f3n compacto y sencillo<\/li>\n<li>Monitoreo digital de control, cierre autom\u00e1tico por tiempo y auto test<\/li>\n<li>El usuario puede ajustar la posici\u00f3n y \u00e1ngulo de subida y bajada<\/li>\n<li>Bater\u00eda de respaldo de 24V<\/li>\n<li>El brazo de la barrera se mover\u00e1 a la posici\u00f3n original cuando algo lo bloquea<\/li>\n<\/ul>\n","protected":false},"excerpt":{"rendered":"<p>Cotizar ahora<\/p>\n","protected":false},"featured_media":7363,"comment_status":"open","ping_status":"closed","template":"","meta":{"inline_featured_image":false},"product_brand":[],"product_cat":[240],"product_tag":[],"class_list":{"0":"post-7362","1":"product","2":"type-product","3":"status-publish","4":"has-post-thumbnail","6":"product_cat-barrera-vehicular","8":"first","9":"instock","10":"taxable","11":"shipping-taxable","12":"product-type-simple"},"aioseo_notices":[],"_links":{"self":[{"href":"https:\/\/lifeseguridad.com\/index.php?rest_route=\/wp\/v2\/product\/7362","targetHints":{"allow":["GET"]}}],"collection":[{"href":"https:\/\/lifeseguridad.com\/index.php?rest_route=\/wp\/v2\/product"}],"about":[{"href":"https:\/\/lifeseguridad.com\/index.php?rest_route=\/wp\/v2\/types\/product"}],"replies":[{"embeddable":true,"href":"https:\/\/lifeseguridad.com\/index.php?rest_route=%2Fwp%2Fv2%2Fcomments&post=7362"}],"wp:featuredmedia":[{"embeddable":true,"href":"https:\/\/lifeseguridad.com\/index.php?rest_route=\/wp\/v2\/media\/7363"}],"wp:attachment":[{"href":"https:\/\/lifeseguridad.com\/index.php?rest_route=%2Fwp%2Fv2%2Fmedia&parent=7362"}],"wp:term":[{"taxonomy":"product_brand","embeddable":true,"href":"https:\/\/lifeseguridad.com\/index.php?rest_route=%2Fwp%2Fv2%2Fproduct_brand&post=7362"},{"taxonomy":"product_cat","embeddable":true,"href":"https:\/\/lifeseguridad.com\/index.php?rest_route=%2Fwp%2Fv2%2Fproduct_cat&post=7362"},{"taxonomy":"product_tag","embeddable":true,"href":"https:\/\/lifeseguridad.com\/index.php?rest_route=%2Fwp%2Fv2%2Fproduct_tag&post=7362"}],"curies":[{"name":"wp","href":"https:\/\/api.w.org\/{rel}","templated":true}]}}