{"id":7368,"date":"2023-09-02T09:19:17","date_gmt":"2023-09-02T14:19:17","guid":{"rendered":"https:\/\/lifeseguridad.com\/?post_type=product&#038;p=7368"},"modified":"2024-01-15T12:21:32","modified_gmt":"2024-01-15T17:21:32","slug":"barrera-vehicular-izquierda-brazo-6-metros","status":"publish","type":"product","link":"https:\/\/lifeseguridad.com\/?product=barrera-vehicular-izquierda-brazo-6-metros","title":{"rendered":"BARRERA VEHICULAR IZQUIERDA BRAZO 6 METROS"},"content":{"rendered":"<p style=\"font-weight: 400;\">La puerta de barrera de la serie BG1000 adopta un dise\u00f1o de chasis LED interactivo ZKTeco. El n\u00facleo de control del sistema integrado ARM7, la se\u00f1al de respuesta de procesamiento r\u00e1pido y adopta un motor de CC sin escobillas de alta eficiencia y una estructura de transmisi\u00f3n de engranajes de material SCM421. Tiene las ventajas de velocidad r\u00e1pida y alta eficiencia, calidad estable, amplia expansi\u00f3n de funciones, etc. Es una puerta de barrera de mejor rendimiento integral.<\/p>\n<ul style=\"font-weight: 400;\">\n<li>La velocidad de funcionamiento m\u00e1s r\u00e1pida es de 1,5 s, la velocidad se puede ajustar de acuerdo con diferentes longitudes del brazo de la pluma<\/li>\n<li>Invertibilidad en direcci\u00f3n izquierda y derecha, mecanismo de transmisi\u00f3n simple y compacto, f\u00e1cil de instalar en el sitio<\/li>\n<li>Dise\u00f1o patentado LED de chasis interactivo, elegante y hermoso<\/li>\n<li>Monitoreo de control digital, soporte de retardo de cierre autom\u00e1tico, prueba autom\u00e1tica, funciones de salida de visualizaci\u00f3n de estado de subida \/ bajada<\/li>\n<li>Alta seguridad, soporte de apagado autom\u00e1tico o manual del brazo de la pluma de elevaci\u00f3n, funciones anti-aplastamiento, enlace de fuego<\/li>\n<li>La posici\u00f3n del \u00e1ngulo de subida \/ bajada se puede ajustar, y se adopta el codificador digital para limitar la posici\u00f3n autom\u00e1ticamente, reemplazando la estructura de l\u00edmite tradicional, y el control de posici\u00f3n es preciso<\/li>\n<li>Se puede usar una bater\u00eda de respaldo de 24 V para garantizar el funcionamiento normal de la m\u00e1quina cuando se corta la energ\u00eda<\/li>\n<li>El chasis utiliza una hoja de metal de 2,0 mm, proceso de producci\u00f3n de pulverizaci\u00f3n electrofor\u00e9tica y de polvo<\/li>\n<li>El brazo rebotar\u00e1 cuando est\u00e9 bloqueado<\/li>\n<\/ul>\n","protected":false},"excerpt":{"rendered":"<p>Cotizar ahora<\/p>\n","protected":false},"featured_media":7369,"comment_status":"open","ping_status":"closed","template":"","meta":{"inline_featured_image":false},"product_brand":[],"product_cat":[240],"product_tag":[],"class_list":{"0":"post-7368","1":"product","2":"type-product","3":"status-publish","4":"has-post-thumbnail","6":"product_cat-barrera-vehicular","8":"first","9":"instock","10":"taxable","11":"shipping-taxable","12":"product-type-simple"},"aioseo_notices":[],"_links":{"self":[{"href":"https:\/\/lifeseguridad.com\/index.php?rest_route=\/wp\/v2\/product\/7368","targetHints":{"allow":["GET"]}}],"collection":[{"href":"https:\/\/lifeseguridad.com\/index.php?rest_route=\/wp\/v2\/product"}],"about":[{"href":"https:\/\/lifeseguridad.com\/index.php?rest_route=\/wp\/v2\/types\/product"}],"replies":[{"embeddable":true,"href":"https:\/\/lifeseguridad.com\/index.php?rest_route=%2Fwp%2Fv2%2Fcomments&post=7368"}],"wp:featuredmedia":[{"embeddable":true,"href":"https:\/\/lifeseguridad.com\/index.php?rest_route=\/wp\/v2\/media\/7369"}],"wp:attachment":[{"href":"https:\/\/lifeseguridad.com\/index.php?rest_route=%2Fwp%2Fv2%2Fmedia&parent=7368"}],"wp:term":[{"taxonomy":"product_brand","embeddable":true,"href":"https:\/\/lifeseguridad.com\/index.php?rest_route=%2Fwp%2Fv2%2Fproduct_brand&post=7368"},{"taxonomy":"product_cat","embeddable":true,"href":"https:\/\/lifeseguridad.com\/index.php?rest_route=%2Fwp%2Fv2%2Fproduct_cat&post=7368"},{"taxonomy":"product_tag","embeddable":true,"href":"https:\/\/lifeseguridad.com\/index.php?rest_route=%2Fwp%2Fv2%2Fproduct_tag&post=7368"}],"curies":[{"name":"wp","href":"https:\/\/api.w.org\/{rel}","templated":true}]}}