{"id":7376,"date":"2023-09-02T09:34:37","date_gmt":"2023-09-02T14:34:37","guid":{"rendered":"https:\/\/lifeseguridad.com\/?post_type=product&#038;p=7376"},"modified":"2024-01-15T12:21:32","modified_gmt":"2024-01-15T17:21:32","slug":"torniquete-de-acceso-standard-2","status":"publish","type":"product","link":"https:\/\/lifeseguridad.com\/?product=torniquete-de-acceso-standard-2","title":{"rendered":"TORNIQUETE DE ACCESO STANDARD 2"},"content":{"rendered":"<ul style=\"font-weight: 400;\">\n<li>Los Torniquetes ZKTeco incorporan la m\u00e1s alta tecnolog\u00eda dentro de un dise\u00f1o compacto y elegante ofreciendo un funcionamiento estable y silencioso. Su mecanismo bidireccional de precisi\u00f3n reduce el desgaste y el consumo de energ\u00eda siendo ideal para \u00e1reas con alto flujo de personas.<\/li>\n<li>La serie TS1000, fabricada en accero inoxidable, opera al reducir la se\u00f1al desde el controlador de acceso a un bot\u00f3n permitiendo el acceso de una persona a la vez o puede permitir el acceso libre en alguan direcci\u00f3n ajustando el mecanismo.<\/li>\n<li>Cuenta con se\u00f1alizaci\u00f3n visual para indicar el acceso autorizado y la direcci\u00f3n del movimiento y terminales para la ca\u00edda de las brazos en caso de emergencia permitiendo el paso libre.<\/li>\n<\/ul>\n","protected":false},"excerpt":{"rendered":"<p>Cotizar ahora<\/p>\n","protected":false},"featured_media":7377,"comment_status":"open","ping_status":"closed","template":"","meta":{"inline_featured_image":false},"product_brand":[],"product_cat":[241],"product_tag":[],"class_list":{"0":"post-7376","1":"product","2":"type-product","3":"status-publish","4":"has-post-thumbnail","6":"product_cat-barrera-peatonal","8":"first","9":"instock","10":"taxable","11":"shipping-taxable","12":"product-type-simple"},"aioseo_notices":[],"_links":{"self":[{"href":"https:\/\/lifeseguridad.com\/index.php?rest_route=\/wp\/v2\/product\/7376","targetHints":{"allow":["GET"]}}],"collection":[{"href":"https:\/\/lifeseguridad.com\/index.php?rest_route=\/wp\/v2\/product"}],"about":[{"href":"https:\/\/lifeseguridad.com\/index.php?rest_route=\/wp\/v2\/types\/product"}],"replies":[{"embeddable":true,"href":"https:\/\/lifeseguridad.com\/index.php?rest_route=%2Fwp%2Fv2%2Fcomments&post=7376"}],"wp:featuredmedia":[{"embeddable":true,"href":"https:\/\/lifeseguridad.com\/index.php?rest_route=\/wp\/v2\/media\/7377"}],"wp:attachment":[{"href":"https:\/\/lifeseguridad.com\/index.php?rest_route=%2Fwp%2Fv2%2Fmedia&parent=7376"}],"wp:term":[{"taxonomy":"product_brand","embeddable":true,"href":"https:\/\/lifeseguridad.com\/index.php?rest_route=%2Fwp%2Fv2%2Fproduct_brand&post=7376"},{"taxonomy":"product_cat","embeddable":true,"href":"https:\/\/lifeseguridad.com\/index.php?rest_route=%2Fwp%2Fv2%2Fproduct_cat&post=7376"},{"taxonomy":"product_tag","embeddable":true,"href":"https:\/\/lifeseguridad.com\/index.php?rest_route=%2Fwp%2Fv2%2Fproduct_tag&post=7376"}],"curies":[{"name":"wp","href":"https:\/\/api.w.org\/{rel}","templated":true}]}}