{"id":7387,"date":"2023-09-02T09:59:45","date_gmt":"2023-09-02T14:59:45","guid":{"rendered":"https:\/\/lifeseguridad.com\/?post_type=product&#038;p=7387"},"modified":"2024-01-15T12:21:33","modified_gmt":"2024-01-15T17:21:33","slug":"barrera-peatonal-zkteco-sbt2000s-vidrio-templado","status":"publish","type":"product","link":"https:\/\/lifeseguridad.com\/?product=barrera-peatonal-zkteco-sbt2000s-vidrio-templado","title":{"rendered":"BARRERA PEATONAL ZKTECO SBT2000S\/VIDRIO TEMPLADO"},"content":{"rendered":"<ul>\n<li>La SBT2000S es una serie de torniquetes de barrera giratoria de un solo carril, dise\u00f1ada para un funcionamiento suave y silencioso.\n<p>La barrera SBT2000S normalmente se mantiene en una posici\u00f3n bloqueada, lo que impide el acceso al lado asegurado. Sobre SBT2000S lector (RFID y \/ o huella dactilar) que reconoce positivamente la tarjeta de acceso v\u00e1lida o la huella dactilar de un usuario, sus barreras oscilan autom\u00e1ticamente, permitiendo as\u00ed a los usuarios pasar al lado asegurado.<\/li>\n<li>Durante las emergencias, las barreras se abren autom\u00e1ticamente, lo que garantiza a los usuarios una salida r\u00e1pida y sin obst\u00e1culos a un lugar seguro. La SBT2000S proporciona seguridad y espacio conveniente, todo en un dise\u00f1o compacto muy duradero y elegante<\/li>\n<\/ul>\n","protected":false},"excerpt":{"rendered":"<p>Cotizar ahora<\/p>\n","protected":false},"featured_media":7388,"comment_status":"open","ping_status":"closed","template":"","meta":{"inline_featured_image":false},"product_brand":[],"product_cat":[241],"product_tag":[],"class_list":{"0":"post-7387","1":"product","2":"type-product","3":"status-publish","4":"has-post-thumbnail","6":"product_cat-barrera-peatonal","8":"first","9":"instock","10":"taxable","11":"shipping-taxable","12":"product-type-simple"},"aioseo_notices":[],"_links":{"self":[{"href":"https:\/\/lifeseguridad.com\/index.php?rest_route=\/wp\/v2\/product\/7387","targetHints":{"allow":["GET"]}}],"collection":[{"href":"https:\/\/lifeseguridad.com\/index.php?rest_route=\/wp\/v2\/product"}],"about":[{"href":"https:\/\/lifeseguridad.com\/index.php?rest_route=\/wp\/v2\/types\/product"}],"replies":[{"embeddable":true,"href":"https:\/\/lifeseguridad.com\/index.php?rest_route=%2Fwp%2Fv2%2Fcomments&post=7387"}],"wp:featuredmedia":[{"embeddable":true,"href":"https:\/\/lifeseguridad.com\/index.php?rest_route=\/wp\/v2\/media\/7388"}],"wp:attachment":[{"href":"https:\/\/lifeseguridad.com\/index.php?rest_route=%2Fwp%2Fv2%2Fmedia&parent=7387"}],"wp:term":[{"taxonomy":"product_brand","embeddable":true,"href":"https:\/\/lifeseguridad.com\/index.php?rest_route=%2Fwp%2Fv2%2Fproduct_brand&post=7387"},{"taxonomy":"product_cat","embeddable":true,"href":"https:\/\/lifeseguridad.com\/index.php?rest_route=%2Fwp%2Fv2%2Fproduct_cat&post=7387"},{"taxonomy":"product_tag","embeddable":true,"href":"https:\/\/lifeseguridad.com\/index.php?rest_route=%2Fwp%2Fv2%2Fproduct_tag&post=7387"}],"curies":[{"name":"wp","href":"https:\/\/api.w.org\/{rel}","templated":true}]}}