{"id":7394,"date":"2023-09-02T11:15:51","date_gmt":"2023-09-02T16:15:51","guid":{"rendered":"https:\/\/lifeseguridad.com\/?post_type=product&#038;p=7394"},"modified":"2024-01-15T12:21:34","modified_gmt":"2024-01-15T17:21:34","slug":"kit-v-portero-hibrido-inc-monitor-y-camara","status":"publish","type":"product","link":"https:\/\/lifeseguridad.com\/?product=kit-v-portero-hibrido-inc-monitor-y-camara","title":{"rendered":"KIT V\/PORTERO HIBRIDO. INC MONITOR Y CAMARA"},"content":{"rendered":"<p>Kit de intercomunicaci\u00f3n h\u00edbrido con 1 estaci\u00f3n interior y 1 estaci\u00f3n de puerta anal\u00f3gica de cuatro hilos<\/p>\n<p>Control f\u00e1cil de usar con una c\u00f3moda pantalla t\u00e1ctil<\/p>\n<p>Gesti\u00f3n c\u00f3moda a trav\u00e9s del cliente m\u00f3vil Hik-Connect<\/p>\n<p>Opciones m\u00e1s rentables con timbres anal\u00f3gicos<\/p>\n<p>F\u00e1cil instalaci\u00f3n ya que el timbre no requiere fuente de alimentaci\u00f3n exclusiva<\/p>\n<ul>\n<li>Tama\u00f1o: pantalla TFT colorida de 7 pulgadas<\/li>\n<li>M\u00e9todo de operaci\u00f3n: pantalla t\u00e1ctil capacitiva<\/li>\n<li>Tipo: Pantalla TFT colorida<\/li>\n<li>Resoluci\u00f3n: 1024 \u00d7 600<\/li>\n<li>Entrada de audio: micr\u00f3fono omnidireccional incorporado<\/li>\n<li>Salida de audio: altavoz incorporado<\/li>\n<\/ul>\n","protected":false},"excerpt":{"rendered":"<p>Cotizar ahora<\/p>\n","protected":false},"featured_media":7395,"comment_status":"open","ping_status":"closed","template":"","meta":{"inline_featured_image":false},"product_brand":[],"product_cat":[346],"product_tag":[],"class_list":{"0":"post-7394","1":"product","2":"type-product","3":"status-publish","4":"has-post-thumbnail","6":"product_cat-kit-video-portero","8":"first","9":"instock","10":"taxable","11":"shipping-taxable","12":"product-type-simple"},"aioseo_notices":[],"_links":{"self":[{"href":"https:\/\/lifeseguridad.com\/index.php?rest_route=\/wp\/v2\/product\/7394","targetHints":{"allow":["GET"]}}],"collection":[{"href":"https:\/\/lifeseguridad.com\/index.php?rest_route=\/wp\/v2\/product"}],"about":[{"href":"https:\/\/lifeseguridad.com\/index.php?rest_route=\/wp\/v2\/types\/product"}],"replies":[{"embeddable":true,"href":"https:\/\/lifeseguridad.com\/index.php?rest_route=%2Fwp%2Fv2%2Fcomments&post=7394"}],"wp:featuredmedia":[{"embeddable":true,"href":"https:\/\/lifeseguridad.com\/index.php?rest_route=\/wp\/v2\/media\/7395"}],"wp:attachment":[{"href":"https:\/\/lifeseguridad.com\/index.php?rest_route=%2Fwp%2Fv2%2Fmedia&parent=7394"}],"wp:term":[{"taxonomy":"product_brand","embeddable":true,"href":"https:\/\/lifeseguridad.com\/index.php?rest_route=%2Fwp%2Fv2%2Fproduct_brand&post=7394"},{"taxonomy":"product_cat","embeddable":true,"href":"https:\/\/lifeseguridad.com\/index.php?rest_route=%2Fwp%2Fv2%2Fproduct_cat&post=7394"},{"taxonomy":"product_tag","embeddable":true,"href":"https:\/\/lifeseguridad.com\/index.php?rest_route=%2Fwp%2Fv2%2Fproduct_tag&post=7394"}],"curies":[{"name":"wp","href":"https:\/\/api.w.org\/{rel}","templated":true}]}}