{"id":7398,"date":"2023-09-02T11:22:28","date_gmt":"2023-09-02T16:22:28","guid":{"rendered":"https:\/\/lifeseguridad.com\/?post_type=product&#038;p=7398"},"modified":"2024-01-15T12:21:35","modified_gmt":"2024-01-15T17:21:35","slug":"estacion-monitor-de-videoporteros-para-edificios","status":"publish","type":"product","link":"https:\/\/lifeseguridad.com\/?product=estacion-monitor-de-videoporteros-para-edificios","title":{"rendered":"ESTACION MONITOR DE VIDEOPORTEROS PARA EDIFICIOS"},"content":{"rendered":"<ul>\n<li>\n<p class=\"lead\">Estaci\u00f3n principal IP Android t\u00e1ctil de 10 pulgadas<\/p>\n<\/li>\n<li>\n<p class=\"lead\">Pantalla t\u00e1ctil IPS de 10.1 pulgadas con resoluci\u00f3n: 1280 \u00d7 800<\/p>\n<\/li>\n<li>\n<p class=\"lead\">Se pueden agregar hasta 128 c\u00e1maras de red al dispositivo<\/p>\n<\/li>\n<li>\n<p class=\"lead\">Servidor privado SIP incorporado, se pueden agregar hasta 10000 dispositivos de videoportero<\/p>\n<\/li>\n<li>\n<p class=\"lead\">Admite m\u00e1s de 2 altavoces y micr\u00f3fonos: se conecta a auriculares externos (3,5 mm), micr\u00f3fono de cuello de cisne externo<\/p>\n<\/li>\n<li>\n<p class=\"lead\">Muestra las p\u00e1ginas de operaci\u00f3n a trav\u00e9s de HDMI<\/p>\n<\/li>\n<li>\n<p class=\"lead\">Fuente de alimentaci\u00f3n: PoE est\u00e1ndar y 12 VCC<\/p>\n<\/li>\n<li>\n<p class=\"lead\">Funciones de videoportero y control de acceso<\/p>\n<\/li>\n<\/ul>\n","protected":false},"excerpt":{"rendered":"<p>Cotizar ahora<\/p>\n","protected":false},"featured_media":7399,"comment_status":"open","ping_status":"closed","template":"","meta":{"inline_featured_image":false},"product_brand":[],"product_cat":[251],"product_tag":[],"class_list":{"0":"post-7398","1":"product","2":"type-product","3":"status-publish","4":"has-post-thumbnail","6":"product_cat-video-portero","8":"first","9":"instock","10":"taxable","11":"shipping-taxable","12":"product-type-simple"},"aioseo_notices":[],"_links":{"self":[{"href":"https:\/\/lifeseguridad.com\/index.php?rest_route=\/wp\/v2\/product\/7398","targetHints":{"allow":["GET"]}}],"collection":[{"href":"https:\/\/lifeseguridad.com\/index.php?rest_route=\/wp\/v2\/product"}],"about":[{"href":"https:\/\/lifeseguridad.com\/index.php?rest_route=\/wp\/v2\/types\/product"}],"replies":[{"embeddable":true,"href":"https:\/\/lifeseguridad.com\/index.php?rest_route=%2Fwp%2Fv2%2Fcomments&post=7398"}],"wp:featuredmedia":[{"embeddable":true,"href":"https:\/\/lifeseguridad.com\/index.php?rest_route=\/wp\/v2\/media\/7399"}],"wp:attachment":[{"href":"https:\/\/lifeseguridad.com\/index.php?rest_route=%2Fwp%2Fv2%2Fmedia&parent=7398"}],"wp:term":[{"taxonomy":"product_brand","embeddable":true,"href":"https:\/\/lifeseguridad.com\/index.php?rest_route=%2Fwp%2Fv2%2Fproduct_brand&post=7398"},{"taxonomy":"product_cat","embeddable":true,"href":"https:\/\/lifeseguridad.com\/index.php?rest_route=%2Fwp%2Fv2%2Fproduct_cat&post=7398"},{"taxonomy":"product_tag","embeddable":true,"href":"https:\/\/lifeseguridad.com\/index.php?rest_route=%2Fwp%2Fv2%2Fproduct_tag&post=7398"}],"curies":[{"name":"wp","href":"https:\/\/api.w.org\/{rel}","templated":true}]}}