{"id":7523,"date":"2023-10-27T12:47:43","date_gmt":"2023-10-27T17:47:43","guid":{"rendered":"https:\/\/lifeseguridad.com\/?post_type=product&#038;p=7523"},"modified":"2024-01-15T12:21:36","modified_gmt":"2024-01-15T17:21:36","slug":"linterna-energizer-led-300lum-manos-libres-vision","status":"publish","type":"product","link":"https:\/\/lifeseguridad.com\/?product=linterna-energizer-led-300lum-manos-libres-vision","title":{"rendered":"LINTERNA ENERGIZER LED 300LUM MANOS LIBRES VISION"},"content":{"rendered":"<ul>\n<li>La Energizer Visi\u00f3n HD se caracteriza por su liviano y durable dise\u00f1o. Con la banda antideslizable se tiene facilidad de uso y comodidad en todo tipo de ambiente. Tiene una cabeza m\u00f3vil que permite proyectar la luz f\u00e1cilmente hacia donde sea necesario.<\/li>\n<\/ul>\n","protected":false},"excerpt":{"rendered":"<p>Cotizar ahora<\/p>\n","protected":false},"featured_media":7524,"comment_status":"open","ping_status":"closed","template":"","meta":{"inline_featured_image":false},"product_brand":[],"product_cat":[355],"product_tag":[],"class_list":{"0":"post-7523","1":"product","2":"type-product","3":"status-publish","4":"has-post-thumbnail","6":"product_cat-linternas","8":"first","9":"instock","10":"taxable","11":"shipping-taxable","12":"product-type-simple"},"aioseo_notices":[],"_links":{"self":[{"href":"https:\/\/lifeseguridad.com\/index.php?rest_route=\/wp\/v2\/product\/7523","targetHints":{"allow":["GET"]}}],"collection":[{"href":"https:\/\/lifeseguridad.com\/index.php?rest_route=\/wp\/v2\/product"}],"about":[{"href":"https:\/\/lifeseguridad.com\/index.php?rest_route=\/wp\/v2\/types\/product"}],"replies":[{"embeddable":true,"href":"https:\/\/lifeseguridad.com\/index.php?rest_route=%2Fwp%2Fv2%2Fcomments&post=7523"}],"wp:featuredmedia":[{"embeddable":true,"href":"https:\/\/lifeseguridad.com\/index.php?rest_route=\/wp\/v2\/media\/7524"}],"wp:attachment":[{"href":"https:\/\/lifeseguridad.com\/index.php?rest_route=%2Fwp%2Fv2%2Fmedia&parent=7523"}],"wp:term":[{"taxonomy":"product_brand","embeddable":true,"href":"https:\/\/lifeseguridad.com\/index.php?rest_route=%2Fwp%2Fv2%2Fproduct_brand&post=7523"},{"taxonomy":"product_cat","embeddable":true,"href":"https:\/\/lifeseguridad.com\/index.php?rest_route=%2Fwp%2Fv2%2Fproduct_cat&post=7523"},{"taxonomy":"product_tag","embeddable":true,"href":"https:\/\/lifeseguridad.com\/index.php?rest_route=%2Fwp%2Fv2%2Fproduct_tag&post=7523"}],"curies":[{"name":"wp","href":"https:\/\/api.w.org\/{rel}","templated":true}]}}