{"id":7525,"date":"2023-10-27T12:51:34","date_gmt":"2023-10-27T17:51:34","guid":{"rendered":"https:\/\/lifeseguridad.com\/?post_type=product&#038;p=7525"},"modified":"2024-01-15T12:21:36","modified_gmt":"2024-01-15T17:21:36","slug":"linterna-energizer-led-400lum-vision-focus-3aac","status":"publish","type":"product","link":"https:\/\/lifeseguridad.com\/?product=linterna-energizer-led-400lum-vision-focus-3aac","title":{"rendered":"LINTERNA ENERGIZER LED 400LUM VISION FOCUS 3AAC"},"content":{"rendered":"<ul class=\"coolboxpe-custom-store-components-1hcLpysOVWs0ZUhlBNQpuD\">\n<li class=\"coolboxpe-custom-store-components-3ipD1eIKcsPrjT_vhdMV7e\">Material:\u00a0<strong class=\"coolboxpe-custom-store-components-2xRPeC6rivBNh3FcZI1wmm\">Pl\u00e1stico<\/strong><\/li>\n<li class=\"coolboxpe-custom-store-components-3ipD1eIKcsPrjT_vhdMV7e\">Color:\u00a0<strong class=\"coolboxpe-custom-store-components-2xRPeC6rivBNh3FcZI1wmm\">Gris<\/strong><\/li>\n<li class=\"coolboxpe-custom-store-components-3ipD1eIKcsPrjT_vhdMV7e\">Fuente de alimentaci\u00f3n:\u00a0<strong class=\"coolboxpe-custom-store-components-2xRPeC6rivBNh3FcZI1wmm\">3 x AA<\/strong><\/li>\n<li class=\"coolboxpe-custom-store-components-3ipD1eIKcsPrjT_vhdMV7e\">L\u00famenes:\u00a0<strong class=\"coolboxpe-custom-store-components-2xRPeC6rivBNh3FcZI1wmm\">400<\/strong><\/li>\n<li class=\"coolboxpe-custom-store-components-3ipD1eIKcsPrjT_vhdMV7e\">Led integrado:\u00a0<strong class=\"coolboxpe-custom-store-components-2xRPeC6rivBNh3FcZI1wmm\">S\u00ed<\/strong><\/li>\n<li class=\"coolboxpe-custom-store-components-3ipD1eIKcsPrjT_vhdMV7e\">La caja contiene:\u00a0<strong class=\"coolboxpe-custom-store-components-2xRPeC6rivBNh3FcZI1wmm\">Linterna<\/strong><\/li>\n<\/ul>\n<p>Esta linterna para cabeza de 400 l\u00famenes, puede usarse directamente o sujetarla en un gorro o casco. Tiene una correa antideslizante de tama\u00f1o adaptable para mejor sujeci\u00f3n.Ilumina hasta 85 metros de distancia y es resistente al agua, perfecta para el trabajo o para iluminarte cuando hagas deportes como senderismo al aire libre.Posee 5 modos de iluminaci\u00f3n, incluyendo visi\u00f3n nocturna con su luz LED roja, tiene una duraci\u00f3n aproximada de 3 horas y utiliza 3 pilas AA.<\/p>\n","protected":false},"excerpt":{"rendered":"<p>Cotizar ahora<\/p>\n","protected":false},"featured_media":7526,"comment_status":"open","ping_status":"closed","template":"","meta":{"inline_featured_image":false},"product_brand":[],"product_cat":[355],"product_tag":[],"class_list":{"0":"post-7525","1":"product","2":"type-product","3":"status-publish","4":"has-post-thumbnail","6":"product_cat-linternas","8":"first","9":"instock","10":"taxable","11":"shipping-taxable","12":"product-type-simple"},"aioseo_notices":[],"_links":{"self":[{"href":"https:\/\/lifeseguridad.com\/index.php?rest_route=\/wp\/v2\/product\/7525","targetHints":{"allow":["GET"]}}],"collection":[{"href":"https:\/\/lifeseguridad.com\/index.php?rest_route=\/wp\/v2\/product"}],"about":[{"href":"https:\/\/lifeseguridad.com\/index.php?rest_route=\/wp\/v2\/types\/product"}],"replies":[{"embeddable":true,"href":"https:\/\/lifeseguridad.com\/index.php?rest_route=%2Fwp%2Fv2%2Fcomments&post=7525"}],"wp:featuredmedia":[{"embeddable":true,"href":"https:\/\/lifeseguridad.com\/index.php?rest_route=\/wp\/v2\/media\/7526"}],"wp:attachment":[{"href":"https:\/\/lifeseguridad.com\/index.php?rest_route=%2Fwp%2Fv2%2Fmedia&parent=7525"}],"wp:term":[{"taxonomy":"product_brand","embeddable":true,"href":"https:\/\/lifeseguridad.com\/index.php?rest_route=%2Fwp%2Fv2%2Fproduct_brand&post=7525"},{"taxonomy":"product_cat","embeddable":true,"href":"https:\/\/lifeseguridad.com\/index.php?rest_route=%2Fwp%2Fv2%2Fproduct_cat&post=7525"},{"taxonomy":"product_tag","embeddable":true,"href":"https:\/\/lifeseguridad.com\/index.php?rest_route=%2Fwp%2Fv2%2Fproduct_tag&post=7525"}],"curies":[{"name":"wp","href":"https:\/\/api.w.org\/{rel}","templated":true}]}}