{"id":7534,"date":"2023-10-27T13:13:27","date_gmt":"2023-10-27T18:13:27","guid":{"rendered":"https:\/\/lifeseguridad.com\/?post_type=product&#038;p=7534"},"modified":"2024-01-15T12:21:36","modified_gmt":"2024-01-15T17:21:36","slug":"linterna-energizer-touch-2aa-cp","status":"publish","type":"product","link":"https:\/\/lifeseguridad.com\/?product=linterna-energizer-touch-2aa-cp","title":{"rendered":"LINTERNA ENERGIZER TOUCH 2AA CP"},"content":{"rendered":"<ul>\n<li>La linterna LED de activaci\u00f3n t\u00e1ctil funciona con 2 pilas Energizer MAX AA (incluidas).<\/li>\n<li>Con tecnolog\u00eda Touch Tech\u2122, no hay interruptor: enci\u00e9ndelo agarr\u00e1ndola, apag\u00e1la soltando.<\/li>\n<li>Ofrece 20 horas de tiempo de ejecuci\u00f3n y 50 l\u00famenes, 10 veces m\u00e1s brillante que la tecnolog\u00eda LED est\u00e1ndar.<\/li>\n<li>Ideal para uso en interiores y exteriores, desde proyectos de \u201ch\u00e1galo usted mismo\u201d hasta vacaciones en campamentos y situaciones de emergencia.<\/li>\n<li>Resistente a impactos y ca\u00eddas de hasta 1 metro, esta linterna duradera siempre est\u00e1 lista para el trabajo.<\/li>\n<\/ul>\n","protected":false},"excerpt":{"rendered":"<p>Cotizar ahora<\/p>\n","protected":false},"featured_media":7536,"comment_status":"open","ping_status":"closed","template":"","meta":{"inline_featured_image":false},"product_brand":[],"product_cat":[355],"product_tag":[],"class_list":{"0":"post-7534","1":"product","2":"type-product","3":"status-publish","4":"has-post-thumbnail","6":"product_cat-linternas","8":"first","9":"instock","10":"taxable","11":"shipping-taxable","12":"product-type-simple"},"aioseo_notices":[],"_links":{"self":[{"href":"https:\/\/lifeseguridad.com\/index.php?rest_route=\/wp\/v2\/product\/7534","targetHints":{"allow":["GET"]}}],"collection":[{"href":"https:\/\/lifeseguridad.com\/index.php?rest_route=\/wp\/v2\/product"}],"about":[{"href":"https:\/\/lifeseguridad.com\/index.php?rest_route=\/wp\/v2\/types\/product"}],"replies":[{"embeddable":true,"href":"https:\/\/lifeseguridad.com\/index.php?rest_route=%2Fwp%2Fv2%2Fcomments&post=7534"}],"wp:featuredmedia":[{"embeddable":true,"href":"https:\/\/lifeseguridad.com\/index.php?rest_route=\/wp\/v2\/media\/7536"}],"wp:attachment":[{"href":"https:\/\/lifeseguridad.com\/index.php?rest_route=%2Fwp%2Fv2%2Fmedia&parent=7534"}],"wp:term":[{"taxonomy":"product_brand","embeddable":true,"href":"https:\/\/lifeseguridad.com\/index.php?rest_route=%2Fwp%2Fv2%2Fproduct_brand&post=7534"},{"taxonomy":"product_cat","embeddable":true,"href":"https:\/\/lifeseguridad.com\/index.php?rest_route=%2Fwp%2Fv2%2Fproduct_cat&post=7534"},{"taxonomy":"product_tag","embeddable":true,"href":"https:\/\/lifeseguridad.com\/index.php?rest_route=%2Fwp%2Fv2%2Fproduct_tag&post=7534"}],"curies":[{"name":"wp","href":"https:\/\/api.w.org\/{rel}","templated":true}]}}