{"id":7839,"date":"2025-07-17T10:11:15","date_gmt":"2025-07-17T15:11:15","guid":{"rendered":"https:\/\/lifeseguridad.com\/?product=panel-contra-incendio-direccionable-de-deteccion-240-puntos-no-expandible-mircom"},"modified":"2025-07-17T10:11:15","modified_gmt":"2025-07-17T15:11:15","slug":"panel-contra-incendio-direccionable-de-deteccion-240-puntos-no-expandible-mircom","status":"publish","type":"product","link":"https:\/\/lifeseguridad.com\/?product=panel-contra-incendio-direccionable-de-deteccion-240-puntos-no-expandible-mircom","title":{"rendered":"PANEL CONTRA INCENDIO DIRECCIONABLE DE DETECCION 240 PUNTOS NO EXPANDIBLE MIRCOM"},"content":{"rendered":"<p>PANEL DIRECCIONABLE DE DETECCION 240 PUNTOS NO EXPANDIBLE MIRCOM<\/p>\n<ul>\n<li>Pantalla LCD de 4 x 20.<\/li>\n<li>Tablero Principal, Fuente de Alimentaci\u00f3n y Backbox.<\/li>\n<li>Un lazo direccionable (SLC) con un m\u00e1ximo de 240 dispositivos\u00a0MGC (serie MIX-4000) en total.<\/li>\n<li>Zonas flexibles y opciones de configuraci\u00f3n de grupos que permiten\u00a0entradas y salidas agrupadas.<\/li>\n<li>Compatible con dispositivos MGC (serie MIX-4000) que incluyen\u00a0detector de humo de conducto fotoel\u00e9ctrico y m\u00f3dulos m\u00faltiples.<\/li>\n<li>Subdireccionamiento de dispositivos que ahorra espacio de\u00a0direcciones f\u00edsicas para m\u00f3dulos m\u00faltiples, bases de sirena, bases\u00a0de rel\u00e9 y m\u00f3dulo de entrada dual.<\/li>\n<li>Compatible con detectores convencionales que utilizan el m\u00f3dulo de\u00a0zona convencional MGC MIX-4042, consulte el documento LT-1023\u00a0para detectores compatibles.<\/li>\n<li>Lazo(s) anal\u00f3gico(s) Clase A, Clase X o Clase B.<\/li>\n<li>Cuatro circuitos NAC Clase B, Clase A de potencia limitada (m\u00e1x.\u00a01,5 amperios cada uno &#8211; 5,0 amperios en total).<\/li>\n<li>Los circuitos NAC se pueden configurar como se\u00f1al silenciable,\u00a0se\u00f1al no silenciable, luces estrobosc\u00f3picas silenciables, luces\u00a0estrobosc\u00f3picas no silenciables o salida de alimentaci\u00f3n auxiliar.\u00a0La se\u00f1al audible puede ser Constante, C\u00f3digo Temporal, C\u00f3digo\u00a0de California o Hora de Marcha.\u00a0Admite protocolos estrobosc\u00f3picos de sincronizaci\u00f3n de los\u00a0principales fabricantes.<\/li>\n<li>Puerto USB en la placa central para programaci\u00f3n sencilla y\u00a0actualizaci\u00f3n del firmware mediante teclado local o PC.<\/li>\n<li>Inhibici\u00f3n de silencio de se\u00f1al configurable, silencio de se\u00f1al\u00a0autom\u00e1tico y prueba de caminata de un solo hombre.<\/li>\n<li>Operaciones de dos etapas, verificaci\u00f3n de alarma y secuencia de\u00a0alarma positiva.<\/li>\n<li>Rel\u00e9s dedicados de alarma com\u00fan, supervisi\u00f3n, problema y alarma\u00a0auxiliar.<\/li>\n<li>Las salidas adicionales incluyen conexiones para un indicador de problema remoto RTI, un m\u00f3dulo de polaridad inversa PR-300, un bus RS-485 para la conexi\u00f3n de hasta siete series RAX-LCD-LITE, RAM-3318-LCD, SRM-312 y RA-1000 anunciadores.<\/li>\n<li>Marcador POT incorporado que permite informar eventos a una\u00a0instalaci\u00f3n de monitoreo. El comunicador digital\/UDACT se puede\u00a0configurar para funcionamiento con una o dos l\u00edneas y utiliza los\u00a0protocolos de la Security Industry Association (SIA) y Ademco\u00a0Contact ID.<\/li>\n<li>Compatibilidad total con Windows 10<\/li>\n<li>Los m\u00f3dulos de derivaci\u00f3n IPS-2424DS e IPS-4848DS se pueden\u00a0usar cuando se conectan a este panel como anunciadores remotos.\n<p>Estos m\u00f3dulos se montan en una serie de gabinetes y se conectan\u00a0al RAM-3318-LCD.<\/li>\n<li>Dos registros de historial de eventos compuestos por un registro de\u00a0alarmas de 400 eventos para eventos relacionados con alarmas y\u00a0un registro general de 400 eventos para todos los dem\u00e1s eventos.<\/li>\n<li>Buzzer Silence se puede reutilizar como restablecimiento auxiliar<\/li>\n<li>Los dispositivos direccionables no parpadear\u00e1n sus LED cuando\n<p>no est\u00e9 habilitada ninguna bandera parpadeante.<\/li>\n<li>La capacidad de corriente de cada SLC es de 200 mA en espera y\u00a0de 400 mA en alarma. SLC Resistencia m\u00e1xima de l\u00ednea 40 ohmios\u00a0y capacitancia m\u00e1xima de l\u00ednea 0.47uF.<\/li>\n<li>El indicador No parpadeante se reutiliza para indicar que el\u00a0dispositivo no har\u00e1 parpadear su LED.<\/li>\n<li>Admite funcionalidad de 4-20 mA en el m\u00f3dulo MIX-4042.<\/li>\n<li>Admite silencio autom\u00e1tico de Suite.<\/li>\n<li>El silencio del zumbador se puede reutilizar como reinicio auxiliar.<\/li>\n<li>M\u00f3dulo de rel\u00e9 dual para operar rel\u00e9s independientes.<\/li>\n<li>Interruptor de derivaci\u00f3n de grupo.<\/li>\n<\/ul>\n<p>FX-400R FICHA TECNICA PDF<\/p>\n","protected":false},"excerpt":{"rendered":"<p>Cotiza ahora<\/p>\n","protected":false},"featured_media":7803,"comment_status":"open","ping_status":"closed","template":"","meta":{"inline_featured_image":false},"product_brand":[],"product_cat":[299,184],"product_tag":[168],"class_list":{"0":"post-7839","1":"product","2":"type-product","3":"status-publish","4":"has-post-thumbnail","6":"product_cat-panel-contra-incendio","7":"product_cat-sistema-contra-incendio","8":"product_tag-mircom","10":"first","11":"instock","12":"taxable","13":"shipping-taxable","14":"product-type-simple"},"aioseo_notices":[],"_links":{"self":[{"href":"https:\/\/lifeseguridad.com\/index.php?rest_route=\/wp\/v2\/product\/7839","targetHints":{"allow":["GET"]}}],"collection":[{"href":"https:\/\/lifeseguridad.com\/index.php?rest_route=\/wp\/v2\/product"}],"about":[{"href":"https:\/\/lifeseguridad.com\/index.php?rest_route=\/wp\/v2\/types\/product"}],"replies":[{"embeddable":true,"href":"https:\/\/lifeseguridad.com\/index.php?rest_route=%2Fwp%2Fv2%2Fcomments&post=7839"}],"wp:featuredmedia":[{"embeddable":true,"href":"https:\/\/lifeseguridad.com\/index.php?rest_route=\/wp\/v2\/media\/7803"}],"wp:attachment":[{"href":"https:\/\/lifeseguridad.com\/index.php?rest_route=%2Fwp%2Fv2%2Fmedia&parent=7839"}],"wp:term":[{"taxonomy":"product_brand","embeddable":true,"href":"https:\/\/lifeseguridad.com\/index.php?rest_route=%2Fwp%2Fv2%2Fproduct_brand&post=7839"},{"taxonomy":"product_cat","embeddable":true,"href":"https:\/\/lifeseguridad.com\/index.php?rest_route=%2Fwp%2Fv2%2Fproduct_cat&post=7839"},{"taxonomy":"product_tag","embeddable":true,"href":"https:\/\/lifeseguridad.com\/index.php?rest_route=%2Fwp%2Fv2%2Fproduct_tag&post=7839"}],"curies":[{"name":"wp","href":"https:\/\/api.w.org\/{rel}","templated":true}]}}