{"id":7845,"date":"2025-07-17T10:11:16","date_gmt":"2025-07-17T15:11:16","guid":{"rendered":"https:\/\/lifeseguridad.com\/?product=panel-contra-incendio-inteligente-vs1-kidde"},"modified":"2025-07-17T10:11:16","modified_gmt":"2025-07-17T15:11:16","slug":"panel-contra-incendio-inteligente-vs1-kidde","status":"publish","type":"product","link":"https:\/\/lifeseguridad.com\/?product=panel-contra-incendio-inteligente-vs1-kidde","title":{"rendered":"PANEL CONTRA INCENDIO INTELIGENTE VS1 KIDDE"},"content":{"rendered":"<p>PANEL DE INCENDIO INTELIGENTE VS1 KIDDE<\/p>\n<p>FACP, 1 bucle, 64 dispositivos inteligentes como m\u00e1ximo, 2 NAC de clase B, Fuente de alimentaci\u00f3n 4.25A, puerta roja, 220VAC, capacidad para hasta (2) 10a\/h batteries, Soporta detectores inteligentes de la serie V<\/p>\n<p>El panel viene con un lazo para 64 dispositivos:<\/p>\n<ul>\n<li>Direccionamiento electr\u00f3nico con asignaci\u00f3n autom\u00e1tica de dispositivos<\/li>\n<li>Puerto Ethernet opcional para diagn\u00f3stico, programaci\u00f3n y variedad de informes del sistema<\/li>\n<li>Dos interruptores programables con LEDs y etiquetado personalizado<\/li>\n<li>Cableado de Clase B o Clase A<\/li>\n<li>Detecci\u00f3n de falla a tierra por m\u00f3dulo<\/li>\n<li>Soporta hasta ocho anunciadores en serie\n<p>Sensibilidad ajustable del detector<\/p>\n<p>Pantalla LCD retroiluminada de 4 x 20 caracteres<\/p>\n<p>Operaci\u00f3n aut\u00f3noma<\/p>\n<p>Frecuencia de la prueba de transmisi\u00f3n por hora<\/li>\n<\/ul>\n<p>VS1-R-2 FICHA TECNICA PDF<\/p>\n","protected":false},"excerpt":{"rendered":"<p>Cotiza ahora<\/p>\n","protected":false},"featured_media":7819,"comment_status":"open","ping_status":"closed","template":"","meta":{"inline_featured_image":false},"product_brand":[],"product_cat":[299,184],"product_tag":[364],"class_list":{"0":"post-7845","1":"product","2":"type-product","3":"status-publish","4":"has-post-thumbnail","6":"product_cat-panel-contra-incendio","7":"product_cat-sistema-contra-incendio","8":"product_tag-kidde","10":"first","11":"instock","12":"taxable","13":"shipping-taxable","14":"product-type-simple"},"aioseo_notices":[],"_links":{"self":[{"href":"https:\/\/lifeseguridad.com\/index.php?rest_route=\/wp\/v2\/product\/7845","targetHints":{"allow":["GET"]}}],"collection":[{"href":"https:\/\/lifeseguridad.com\/index.php?rest_route=\/wp\/v2\/product"}],"about":[{"href":"https:\/\/lifeseguridad.com\/index.php?rest_route=\/wp\/v2\/types\/product"}],"replies":[{"embeddable":true,"href":"https:\/\/lifeseguridad.com\/index.php?rest_route=%2Fwp%2Fv2%2Fcomments&post=7845"}],"wp:featuredmedia":[{"embeddable":true,"href":"https:\/\/lifeseguridad.com\/index.php?rest_route=\/wp\/v2\/media\/7819"}],"wp:attachment":[{"href":"https:\/\/lifeseguridad.com\/index.php?rest_route=%2Fwp%2Fv2%2Fmedia&parent=7845"}],"wp:term":[{"taxonomy":"product_brand","embeddable":true,"href":"https:\/\/lifeseguridad.com\/index.php?rest_route=%2Fwp%2Fv2%2Fproduct_brand&post=7845"},{"taxonomy":"product_cat","embeddable":true,"href":"https:\/\/lifeseguridad.com\/index.php?rest_route=%2Fwp%2Fv2%2Fproduct_cat&post=7845"},{"taxonomy":"product_tag","embeddable":true,"href":"https:\/\/lifeseguridad.com\/index.php?rest_route=%2Fwp%2Fv2%2Fproduct_tag&post=7845"}],"curies":[{"name":"wp","href":"https:\/\/api.w.org\/{rel}","templated":true}]}}