{"id":7974,"date":"2025-08-19T11:25:57","date_gmt":"2025-08-19T16:25:57","guid":{"rendered":"https:\/\/lifeseguridad.com\/?product=detector-optico-de-humo-multicriterio-kidde"},"modified":"2025-08-19T11:25:57","modified_gmt":"2025-08-19T16:25:57","slug":"detector-optico-de-humo-multicriterio-kidde","status":"publish","type":"product","link":"https:\/\/lifeseguridad.com\/?product=detector-optico-de-humo-multicriterio-kidde","title":{"rendered":"DETECTOR OPTICO DE HUMO MULTICRITERIO KIDDE"},"content":{"rendered":"","protected":false},"excerpt":{"rendered":"<p>DETECTOR OPTICO DE HUMO MULTICRITERIO KIDDE<\/p>\n<ul>\n<li>Tecnolog\u00eda de detecci\u00f3n \u00f3ptica de humo con m\u00faltiples criterios<\/li>\n<li>Integra detecci\u00f3n \u00f3ptica de humo con detecci\u00f3n de la tasa de aumento de calor<\/li>\n<li>Mapeo autom\u00e1tico de dispositivos<\/li>\n<li>Dos niveles de compensaci\u00f3n ambiental<\/li>\n<\/ul>\n<p>KI-OSHD FICHA TECNICA PDF<\/p>\n","protected":false},"featured_media":7965,"comment_status":"open","ping_status":"closed","template":"","meta":{"inline_featured_image":false},"product_brand":[],"product_cat":[190],"product_tag":[364],"class_list":{"0":"post-7974","1":"product","2":"type-product","3":"status-publish","4":"has-post-thumbnail","6":"product_cat-detectores-de-humo-y-temperatura","7":"product_tag-kidde","9":"first","10":"instock","11":"taxable","12":"shipping-taxable","13":"product-type-simple"},"aioseo_notices":[],"_links":{"self":[{"href":"https:\/\/lifeseguridad.com\/index.php?rest_route=\/wp\/v2\/product\/7974","targetHints":{"allow":["GET"]}}],"collection":[{"href":"https:\/\/lifeseguridad.com\/index.php?rest_route=\/wp\/v2\/product"}],"about":[{"href":"https:\/\/lifeseguridad.com\/index.php?rest_route=\/wp\/v2\/types\/product"}],"replies":[{"embeddable":true,"href":"https:\/\/lifeseguridad.com\/index.php?rest_route=%2Fwp%2Fv2%2Fcomments&post=7974"}],"wp:featuredmedia":[{"embeddable":true,"href":"https:\/\/lifeseguridad.com\/index.php?rest_route=\/wp\/v2\/media\/7965"}],"wp:attachment":[{"href":"https:\/\/lifeseguridad.com\/index.php?rest_route=%2Fwp%2Fv2%2Fmedia&parent=7974"}],"wp:term":[{"taxonomy":"product_brand","embeddable":true,"href":"https:\/\/lifeseguridad.com\/index.php?rest_route=%2Fwp%2Fv2%2Fproduct_brand&post=7974"},{"taxonomy":"product_cat","embeddable":true,"href":"https:\/\/lifeseguridad.com\/index.php?rest_route=%2Fwp%2Fv2%2Fproduct_cat&post=7974"},{"taxonomy":"product_tag","embeddable":true,"href":"https:\/\/lifeseguridad.com\/index.php?rest_route=%2Fwp%2Fv2%2Fproduct_tag&post=7974"}],"curies":[{"name":"wp","href":"https:\/\/api.w.org\/{rel}","templated":true}]}}