{"id":8035,"date":"2025-08-19T17:23:02","date_gmt":"2025-08-19T22:23:02","guid":{"rendered":"https:\/\/lifeseguridad.com\/?product=interruptor-de-llave-para-desconexion-de-servicio-kidde"},"modified":"2025-08-19T17:23:02","modified_gmt":"2025-08-19T22:23:02","slug":"interruptor-de-llave-para-desconexion-de-servicio-kidde","status":"publish","type":"product","link":"https:\/\/lifeseguridad.com\/?product=interruptor-de-llave-para-desconexion-de-servicio-kidde","title":{"rendered":"INTERRUPTOR DE LLAVE PARA DESCONEXION DE SERVICIO KIDDE"},"content":{"rendered":"","protected":false},"excerpt":{"rendered":"<p>INTERRUPTOR DE LLAVE PARA DESCONEXION DE SERVICIO KIDDE<\/p>\n<p>El interruptor RELA-SRV-1 de desconexi\u00f3n de servicio es una estaci\u00f3n de conmutaci\u00f3n manual operada con llave Voltaje: corriente 30Vdc : 2A 250Vcc: 1A 600 VCa: 3a Cableado: 12 a 18 AWG Dimensiones: 3,25 x 4,87 x 3,87 in (82 x 124 x 98 mm) (W x H x D) Compatibilidad: GSA-REL, paneles series VS, VS1-G-SP Y VS4-G-SP<\/p>\n<p>RELA-SRV-1 FICHA TECNICA PDF<\/p>\n","protected":false},"featured_media":8018,"comment_status":"open","ping_status":"closed","template":"","meta":{"inline_featured_image":false},"product_brand":[],"product_cat":[192],"product_tag":[364],"class_list":{"0":"post-8035","1":"product","2":"type-product","3":"status-publish","4":"has-post-thumbnail","6":"product_cat-estacion-manual","7":"product_tag-kidde","9":"first","10":"instock","11":"taxable","12":"shipping-taxable","13":"product-type-simple"},"aioseo_notices":[],"_links":{"self":[{"href":"https:\/\/lifeseguridad.com\/index.php?rest_route=\/wp\/v2\/product\/8035","targetHints":{"allow":["GET"]}}],"collection":[{"href":"https:\/\/lifeseguridad.com\/index.php?rest_route=\/wp\/v2\/product"}],"about":[{"href":"https:\/\/lifeseguridad.com\/index.php?rest_route=\/wp\/v2\/types\/product"}],"replies":[{"embeddable":true,"href":"https:\/\/lifeseguridad.com\/index.php?rest_route=%2Fwp%2Fv2%2Fcomments&post=8035"}],"wp:featuredmedia":[{"embeddable":true,"href":"https:\/\/lifeseguridad.com\/index.php?rest_route=\/wp\/v2\/media\/8018"}],"wp:attachment":[{"href":"https:\/\/lifeseguridad.com\/index.php?rest_route=%2Fwp%2Fv2%2Fmedia&parent=8035"}],"wp:term":[{"taxonomy":"product_brand","embeddable":true,"href":"https:\/\/lifeseguridad.com\/index.php?rest_route=%2Fwp%2Fv2%2Fproduct_brand&post=8035"},{"taxonomy":"product_cat","embeddable":true,"href":"https:\/\/lifeseguridad.com\/index.php?rest_route=%2Fwp%2Fv2%2Fproduct_cat&post=8035"},{"taxonomy":"product_tag","embeddable":true,"href":"https:\/\/lifeseguridad.com\/index.php?rest_route=%2Fwp%2Fv2%2Fproduct_tag&post=8035"}],"curies":[{"name":"wp","href":"https:\/\/api.w.org\/{rel}","templated":true}]}}