{"id":8081,"date":"2025-08-21T15:52:16","date_gmt":"2025-08-21T20:52:16","guid":{"rendered":"https:\/\/lifeseguridad.com\/?product=fuente-de-alimentacion-direccionable-10amp-con-8-salidas-nac"},"modified":"2025-08-21T15:52:16","modified_gmt":"2025-08-21T20:52:16","slug":"fuente-de-alimentacion-direccionable-10amp-con-8-salidas-nac","status":"publish","type":"product","link":"https:\/\/lifeseguridad.com\/?product=fuente-de-alimentacion-direccionable-10amp-con-8-salidas-nac","title":{"rendered":"FUENTE DE ALIMENTACI\u00d3N DIRECCIONABLE 10AMP CON 8 SALIDAS NAC"},"content":{"rendered":"","protected":false},"excerpt":{"rendered":"<div>Tiene un dise\u00f1o compacto para una instalaci\u00f3n m\u00e1s r\u00e1pida y sencilla. Cuenta con una interfaz f\u00e1cil de usar con una pantalla LCD, 5 teclas de funci\u00f3n y 4 indicadores LED.<\/div>\n<div><\/div>\n<div>El FW131 a\u00f1ade 8 circuitos de se\u00f1alizaci\u00f3n de clase A o B con un m\u00e1ximo de 3 A por circuito NAC. Presenta un llamativo dise\u00f1o compacto lo suficientemente estrecho como para colocarse entre montantes est\u00e1ndares de 16\u2033.<\/div>\n<ul class=\"features\">\n<li>10A de potencia dedicada a los circuitos de se\u00f1al<\/li>\n<li>Salida de energ\u00eda auxiliar 1A<\/li>\n<li>4 contactos de rel\u00e9 seco de forma C<\/li>\n<\/ul>\n<p>FW131 FICHA TECNICA PDF<\/p>\n","protected":false},"featured_media":8073,"comment_status":"open","ping_status":"closed","template":"","meta":{"inline_featured_image":false},"product_brand":[],"product_cat":[199],"product_tag":[362],"class_list":{"0":"post-8081","1":"product","2":"type-product","3":"status-publish","4":"has-post-thumbnail","6":"product_cat-nac-extender-fuentes","7":"product_tag-maple","9":"first","10":"instock","11":"taxable","12":"shipping-taxable","13":"product-type-simple"},"aioseo_notices":[],"_links":{"self":[{"href":"https:\/\/lifeseguridad.com\/index.php?rest_route=\/wp\/v2\/product\/8081","targetHints":{"allow":["GET"]}}],"collection":[{"href":"https:\/\/lifeseguridad.com\/index.php?rest_route=\/wp\/v2\/product"}],"about":[{"href":"https:\/\/lifeseguridad.com\/index.php?rest_route=\/wp\/v2\/types\/product"}],"replies":[{"embeddable":true,"href":"https:\/\/lifeseguridad.com\/index.php?rest_route=%2Fwp%2Fv2%2Fcomments&post=8081"}],"wp:featuredmedia":[{"embeddable":true,"href":"https:\/\/lifeseguridad.com\/index.php?rest_route=\/wp\/v2\/media\/8073"}],"wp:attachment":[{"href":"https:\/\/lifeseguridad.com\/index.php?rest_route=%2Fwp%2Fv2%2Fmedia&parent=8081"}],"wp:term":[{"taxonomy":"product_brand","embeddable":true,"href":"https:\/\/lifeseguridad.com\/index.php?rest_route=%2Fwp%2Fv2%2Fproduct_brand&post=8081"},{"taxonomy":"product_cat","embeddable":true,"href":"https:\/\/lifeseguridad.com\/index.php?rest_route=%2Fwp%2Fv2%2Fproduct_cat&post=8081"},{"taxonomy":"product_tag","embeddable":true,"href":"https:\/\/lifeseguridad.com\/index.php?rest_route=%2Fwp%2Fv2%2Fproduct_tag&post=8081"}],"curies":[{"name":"wp","href":"https:\/\/api.w.org\/{rel}","templated":true}]}}